{"id":6800,"date":"2024-11-13T16:20:31","date_gmt":"2024-11-13T19:20:31","guid":{"rendered":"https:\/\/clickscertos.com.br\/loja_online\/?post_type=product&#038;p=6800"},"modified":"2025-09-08T17:14:00","modified_gmt":"2025-09-08T20:14:00","slug":"016-sistema-jet-disparador-e-chat-oficial-da-meta-para-whatsapp","status":"publish","type":"product","link":"https:\/\/clickscertos.com.br\/loja_online\/produto\/016-sistema-jet-disparador-e-chat-oficial-da-meta-para-whatsapp\/","title":{"rendered":"016 -Sistema Jet -Disparador e chat oficial da Meta para whatsapp"},"content":{"rendered":"<p>WhatsJet<\/p>\n<p>*SISTEMA OFICIAL PARA DISPAROS META*<br \/>\nAgora voc\u00ea pode ter um disparador oficial para disparos no whatsapp, seguindo todas as regras da Meta. E qual \u00e9 a vantagem? \ud83e\udd29<br \/>\nSeus templates ser\u00e3o analisados de forma r\u00e1pida e poder\u00e1 fazer seus envios sem risco de banimentos. E ainda possui um chat para voc\u00ea interagir rapidamente com seus clientes e leads.<br \/>\nO sistema possui tamb\u00e9m, um construtor on-board de chat-bot, tipo FLOWBUILDER.<br \/>\nAl\u00e9m das integra\u00e7\u00f5es com o OPEN.AI e FLOWISE. *Sistema exclusivo somente para API OFICIAL DO WHATSAPP.* \u2705 A hora \u00e9 agora!!!<\/p>\n<p>Video de apresenta\u00e7\u00e3o:<br \/>\nhttps:\/\/clickscertos.com.br\/JET_REVIEW<\/p>\n<p>Descri\u00e7\u00e3o<br \/>\nSimplifique o gerenciamento de campanhas: crie, programe e alcance instantaneamente!<br \/>\nGerencie suas campanhas sem esfor\u00e7o com nosso recurso intuitivo de gerenciamento de campanhas.<br \/>\nCrie ou agende campanhas instantaneamente para todos os contatos ou grupos espec\u00edficos,<br \/>\npermitindo alcance imediato ou timing estrat\u00e9gico.<\/p>\n<p>Maximize o impacto dos seus esfor\u00e7os<br \/>\nde marketing e assuma o controle das suas mensagens com facilidade.<br \/>\nSistema SAAS<\/p>\n<p>*Necess\u00e1rio possuir aplicativo do whatsapp verificado na Meta.<\/p>\n<p>Scrip instal\u00e1vel na hospedagem<\/p>\n<p>PHP 8.1<\/p>\n<p>Tutorial de instala\u00e7\u00e3o incluso.<\/p>\n<p>Valor de 299,85<br \/>\nPagamento unico.<br \/>\n\ud83d\udc69\u200d\ud83e\uddb0 &#8211; Acesso por 1 ano a \ud83d\udc47.<br \/>\n\u2705 &#8211; C\u00f3digos fontes, arquivos e atualiza\u00e7\u00f5es.<br \/>\n\u2705 &#8211; Tutoriais de instala\u00e7\u00f5es e configura\u00e7\u00f5es em videos e textos.<br \/>\n\u2705 &#8211; Suporte avan\u00e7ado com t\u00e9cnicos altamente qualificados.<\/p>\n<p>&#8212;&#8212;&#8212;&#8212;&#8212;&#8212;&#8212;&#8212;&#8212;&#8212;&#8212;&#8212;&#8212;&#8212;&#8212;&#8212;&#8212;&#8212;&#8212;&#8212;<\/p>\n<p>Valor de 399,85<br \/>\nPagamento unico.<br \/>\n\ud83d\udc69\u200d\ud83e\uddb0 &#8211; Acesso por 1 ano a \ud83d\udc47.<br \/>\n\u2705 &#8211; C\u00f3digos fontes, arquivos e atualiza\u00e7\u00f5es.<br \/>\n\u2705 &#8211; Tutoriais de instala\u00e7\u00f5es e configura\u00e7\u00f5es em videos e textos.<br \/>\n\u2705 &#8211; Suporte avan\u00e7ado com t\u00e9cnicos altamente qualificados.<br \/>\n\u2705 &#8211; Uma instala\u00e7\u00e3o feita por nossos tecnicos.<\/p>\n<p>\ud83d\udc69\u200d\ud83e\uddb0\ud83d\ude0e Para mais detalhes, por favor, clique no bot\u00e3o abaixo.<\/p>\n","protected":false},"excerpt":{"rendered":"<p>WhatsJet<\/p>\n<p>*SISTEMA OFICIAL PARA DISPAROS META*<br \/>\nAgora voc\u00ea pode ter um disparador oficial para disparos no whatsapp, seguindo todas as regras da Meta. E qual \u00e9 a vantagem? \ud83e\udd29<br \/>\nSeus templates ser\u00e3o analisados de forma r\u00e1pida e poder\u00e1 fazer seus envios sem risco de banimentos. E ainda possui um chat para voc\u00ea interagir rapidamente com seus clientes e leads.<br \/>\nO sistema possui tamb\u00e9m, um construtor on-board de chat-bot, tipo FLOWBUILDER.<br \/>\nAl\u00e9m das integra\u00e7\u00f5es com o OPEN.AI e FLOWISE. *Sistema exclusivo somente para API OFICIAL DO WHATSAPP.* \u2705 A hora \u00e9 agora!!!<\/p>\n<p>Video de apresenta\u00e7\u00e3o:<br \/>\nhttps:\/\/clickscertos.com.br\/JET_REVIEW<\/p>\n","protected":false},"featured_media":7571,"template":"","meta":{"_acf_changed":false,"_joinchat":[]},"product_brand":[],"product_cat":[244],"product_tag":[],"class_list":{"0":"post-6800","1":"product","2":"type-product","3":"status-publish","4":"has-post-thumbnail","6":"product_cat-produtos-digitais","8":"first","9":"instock","10":"sale","11":"downloadable","12":"virtual","13":"purchasable","14":"product-type-simple"},"acf":[],"jetpack_likes_enabled":true,"jetpack_sharing_enabled":true,"_links":{"self":[{"href":"https:\/\/clickscertos.com.br\/loja_online\/wp-json\/wp\/v2\/product\/6800","targetHints":{"allow":["GET"]}}],"collection":[{"href":"https:\/\/clickscertos.com.br\/loja_online\/wp-json\/wp\/v2\/product"}],"about":[{"href":"https:\/\/clickscertos.com.br\/loja_online\/wp-json\/wp\/v2\/types\/product"}],"wp:featuredmedia":[{"embeddable":true,"href":"https:\/\/clickscertos.com.br\/loja_online\/wp-json\/wp\/v2\/media\/7571"}],"wp:attachment":[{"href":"https:\/\/clickscertos.com.br\/loja_online\/wp-json\/wp\/v2\/media?parent=6800"}],"wp:term":[{"taxonomy":"product_brand","embeddable":true,"href":"https:\/\/clickscertos.com.br\/loja_online\/wp-json\/wp\/v2\/product_brand?post=6800"},{"taxonomy":"product_cat","embeddable":true,"href":"https:\/\/clickscertos.com.br\/loja_online\/wp-json\/wp\/v2\/product_cat?post=6800"},{"taxonomy":"product_tag","embeddable":true,"href":"https:\/\/clickscertos.com.br\/loja_online\/wp-json\/wp\/v2\/product_tag?post=6800"}],"curies":[{"name":"wp","href":"https:\/\/api.w.org\/{rel}","templated":true}]}}