{"id":6785,"date":"2024-10-16T12:55:40","date_gmt":"2024-10-16T15:55:40","guid":{"rendered":"https:\/\/clickscertos.com.br\/loja_online\/?post_type=product&#038;p=6785"},"modified":"2025-07-15T12:20:46","modified_gmt":"2025-07-15T15:20:46","slug":"011-wacrm","status":"publish","type":"product","link":"https:\/\/clickscertos.com.br\/loja_online\/produto\/011-wacrm\/","title":{"rendered":"011 -WaCRM"},"content":{"rendered":"<p>WaCRM >> Wa CRM Whatsapp controle de varios.<br \/>\nNossa ferramenta de CRM oferece tudo o que voc\u00ea precisa para otimizar suas intera\u00e7\u00f5es e aumentar a efici\u00eancia:<\/p>\n<p>\u2705 &#8211; \ud835\ude40\ud835\ude63\ud835\ude6b\ud835\ude5e\ud835\ude64\ud835\ude68 \ud835\ude5a\ud835\ude62 \ud835\ude62\ud835\ude56\ud835\ude68\ud835\ude68\ud835\ude56 \ud835\ude42\ud835\ude4d\ud835\ude50\ud835\ude4b\ud835\ude4a\ud835\ude4e\/\ud835\ude4b\ud835\ude4d\ud835\ude44\ud835\ude51\ud835\ude3c\ud835\ude3f\ud835\ude4a<br \/>\n\u2705 &#8211; \ud835\ude40\ud835\ude6d\ud835\ude69\ud835\ude67\ud835\ude56\ud835\ude58\u0327\ud835\ude56\u0303\ud835\ude64 \ud835\ude59\ud835\ude5a \ud835\ude58\ud835\ude64\ud835\ude63\ud835\ude69\ud835\ude56\ud835\ude69\ud835\ude64\ud835\ude68<br \/>\n\u2705 &#8211; \ud835\ude3e\ud835\ude5d\ud835\ude56\ud835\ude69\ud835\ude3d\ud835\ude64\ud835\ude69<br \/>\n\u2705 &#8211; \ud835\ude48\ud835\ude6a\ud835\ude61\ud835\ude69\ud835\ude5e \ud835\ude58\ud835\ude64\ud835\ude63\ud835\ude69\ud835\ude56\ud835\ude68<br \/>\n\u2705 &#8211; \ud835\ude40\ud835\ude63\ud835\ude6b\ud835\ude5e\ud835\ude64 \ud835\ude59\ud835\ude5a \ud835\ude57\ud835\ude64\ud835\ude69\ud835\ude64\u0303\ud835\ude5a\ud835\ude68<br \/>\n\u2705 &#8211; \ud835\ude40\ud835\ude63\ud835\ude6b\ud835\ude5e\ud835\ude64 \ud835\ude59\ud835\ude5a \ud835\ude62\ud835\ude5a\ud835\ude63\ud835\ude6a<br \/>\n\u2705 &#8211; \ud835\ude42\ud835\ude5a\ud835\ude67\ud835\ude5a\ud835\ude63\ud835\ude58\ud835\ude5e\ud835\ude56\ud835\ude62\ud835\ude5a\ud835\ude63\ud835\ude69\ud835\ude64 \ud835\ude59\ud835\ude5a \ud835\ude5c\ud835\ude67\ud835\ude6a\ud835\ude65\ud835\ude64\ud835\ude68 (\ud835\ude4d\ud835\ude40\ud835\ude48\ud835\ude4a\ud835\ude51\ud835\ude40\ud835\ude4d \ud835\ude48\ud835\ude40\ud835\ude48\ud835\ude3d\ud835\ude4d\ud835\ude4a\ud835\ude4e \ud835\ude3c\ud835\ude50\ud835\ude4f\ud835\ude4a\ud835\ude48\ud835\ude3c\ud835\ude4f\ud835\ude44\ud835\ude3e\ud835\ude3c\ud835\ude48\ud835\ude40\ud835\ude49\ud835\ude4f\ud835\ude40)<br \/>\n\u2705 &#8211; \ud835\ude41\ud835\ude5e\ud835\ude61\ud835\ude69\ud835\ude67\ud835\ude64 \ud835\ude59\ud835\ude5a \ud835\ude58\ud835\ude5d\ud835\ude56\ud835\ude69\ud835\ude68<br \/>\n\u2705 &#8211; \ud835\ude40\ud835\ude63\ud835\ude69\ud835\ude67\ud835\ude56 \ud835\ude5a\ud835\ude62 \ud835\ude5c\ud835\ude67\ud835\ude6a\ud835\ude65\ud835\ude64\ud835\ude68<br \/>\n\u2705 &#8211; \ud835\ude3f\ud835\ude5a\ud835\ude68\ud835\ude69\ud835\ude67\ud835\ude6a\ud835\ude5e\ud835\ude67 \ud835\ude5c\ud835\ude67\ud835\ude6a\ud835\ude65\ud835\ude64\ud835\ude68<br \/>\n\u2705 &#8211; \ud835\ude3e\ud835\ude5d\ud835\ude56\ud835\ude69 \ud835\ude59\ud835\ude5e\ud835\ude67\ud835\ude5a\ud835\ude69\ud835\ude64<br \/>\n\u2705 &#8211; \ud835\ude3f\ud835\ude5a\ud835\ude68\ud835\ude5b\ud835\ude64\ud835\ude58\ud835\ude56\ud835\ude67 \ud835\ude5e\ud835\ude63\ud835\ude5b\ud835\ude64\ud835\ude67\ud835\ude62\ud835\ude56\ud835\ude58\u0327\ud835\ude64\u0303\ud835\ude5a\ud835\ude68<\/p>\n<p>Video de apresenta\u00e7\u00e3o e tutorial.<br \/>\nhttps:\/\/clickscertos.com.br\/WaCRM_review<\/p>\n<p>\ud83d\udc69\u200d\ud83e\uddb0 Qualquer duvida sobre algum produto, por favor, nos envie mensagens.<\/p>\n","protected":false},"excerpt":{"rendered":"<p>PowertechCRM<br \/>\nNossa ferramenta de CRM oferece tudo o que voc\u00ea precisa para otimizar suas intera\u00e7\u00f5es e aumentar a efici\u00eancia:<\/p>\n<p>\u2705 &#8211; \ud835\ude40\ud835\ude63\ud835\ude6b\ud835\ude5e\ud835\ude64\ud835\ude68 \ud835\ude5a\ud835\ude62 \ud835\ude62\ud835\ude56\ud835\ude68\ud835\ude68\ud835\ude56 \ud835\ude42\ud835\ude4d\ud835\ude50\ud835\ude4b\ud835\ude4a\ud835\ude4e\/\ud835\ude4b\ud835\ude4d\ud835\ude44\ud835\ude51\ud835\ude3c\ud835\ude3f\ud835\ude4a<br \/>\n\u2705 &#8211; \ud835\ude40\ud835\ude6d\ud835\ude69\ud835\ude67\ud835\ude56\ud835\ude58\u0327\ud835\ude56\u0303\ud835\ude64 \ud835\ude59\ud835\ude5a \ud835\ude58\ud835\ude64\ud835\ude63\ud835\ude69\ud835\ude56\ud835\ude69\ud835\ude64\ud835\ude68<br \/>\n\u2705 &#8211; \ud835\ude3e\ud835\ude5d\ud835\ude56\ud835\ude69\ud835\ude3d\ud835\ude64\ud835\ude69<br \/>\n\u2705 &#8211; \ud835\ude48\ud835\ude6a\ud835\ude61\ud835\ude69\ud835\ude5e \ud835\ude58\ud835\ude64\ud835\ude63\ud835\ude69\ud835\ude56\ud835\ude68<br \/>\n\u2705 &#8211; \ud835\ude40\ud835\ude63\ud835\ude6b\ud835\ude5e\ud835\ude64 \ud835\ude59\ud835\ude5a \ud835\ude57\ud835\ude64\ud835\ude69\ud835\ude64\u0303\ud835\ude5a\ud835\ude68<br \/>\n\u2705 &#8211; \ud835\ude40\ud835\ude63\ud835\ude6b\ud835\ude5e\ud835\ude64 \ud835\ude59\ud835\ude5a \ud835\ude62\ud835\ude5a\ud835\ude63\ud835\ude6a<br \/>\n\u2705 &#8211; \ud835\ude42\ud835\ude5a\ud835\ude67\ud835\ude5a\ud835\ude63\ud835\ude58\ud835\ude5e\ud835\ude56\ud835\ude62\ud835\ude5a\ud835\ude63\ud835\ude69\ud835\ude64 \ud835\ude59\ud835\ude5a \ud835\ude5c\ud835\ude67\ud835\ude6a\ud835\ude65\ud835\ude64\ud835\ude68 (\ud835\ude4d\ud835\ude40\ud835\ude48\ud835\ude4a\ud835\ude51\ud835\ude40\ud835\ude4d \ud835\ude48\ud835\ude40\ud835\ude48\ud835\ude3d\ud835\ude4d\ud835\ude4a\ud835\ude4e \ud835\ude3c\ud835\ude50\ud835\ude4f\ud835\ude4a\ud835\ude48\ud835\ude3c\ud835\ude4f\ud835\ude44\ud835\ude3e\ud835\ude3c\ud835\ude48\ud835\ude40\ud835\ude49\ud835\ude4f\ud835\ude40)<br \/>\n\u2705 &#8211; \ud835\ude41\ud835\ude5e\ud835\ude61\ud835\ude69\ud835\ude67\ud835\ude64 \ud835\ude59\ud835\ude5a \ud835\ude58\ud835\ude5d\ud835\ude56\ud835\ude69\ud835\ude68<br \/>\n\u2705 &#8211; \ud835\ude40\ud835\ude63\ud835\ude69\ud835\ude67\ud835\ude56 \ud835\ude5a\ud835\ude62 \ud835\ude5c\ud835\ude67\ud835\ude6a\ud835\ude65\ud835\ude64\ud835\ude68<br \/>\n\u2705 &#8211; \ud835\ude3f\ud835\ude5a\ud835\ude68\ud835\ude69\ud835\ude67\ud835\ude6a\ud835\ude5e\ud835\ude67 \ud835\ude5c\ud835\ude67\ud835\ude6a\ud835\ude65\ud835\ude64\ud835\ude68<br \/>\n\u2705 &#8211; \ud835\ude3e\ud835\ude5d\ud835\ude56\ud835\ude69 \ud835\ude59\ud835\ude5e\ud835\ude67\ud835\ude5a\ud835\ude69\ud835\ude64<br \/>\n\u2705 &#8211; \ud835\ude3f\ud835\ude5a\ud835\ude68\ud835\ude5b\ud835\ude64\ud835\ude58\ud835\ude56\ud835\ude67 \ud835\ude5e\ud835\ude63\ud835\ude5b\ud835\ude64\ud835\ude67\ud835\ude62\ud835\ude56\ud835\ude58\u0327\ud835\ude64\u0303\ud835\ude5a\ud835\ude68<\/p>\n","protected":false},"featured_media":6786,"template":"","meta":{"_acf_changed":false,"_joinchat":[]},"product_brand":[],"product_cat":[244],"product_tag":[],"class_list":{"0":"post-6785","1":"product","2":"type-product","3":"status-publish","4":"has-post-thumbnail","6":"product_cat-produtos-digitais","8":"first","9":"instock","10":"sale","11":"downloadable","12":"virtual","13":"purchasable","14":"product-type-simple"},"acf":[],"jetpack_likes_enabled":true,"jetpack_sharing_enabled":true,"_links":{"self":[{"href":"https:\/\/clickscertos.com.br\/loja_online\/wp-json\/wp\/v2\/product\/6785","targetHints":{"allow":["GET"]}}],"collection":[{"href":"https:\/\/clickscertos.com.br\/loja_online\/wp-json\/wp\/v2\/product"}],"about":[{"href":"https:\/\/clickscertos.com.br\/loja_online\/wp-json\/wp\/v2\/types\/product"}],"wp:featuredmedia":[{"embeddable":true,"href":"https:\/\/clickscertos.com.br\/loja_online\/wp-json\/wp\/v2\/media\/6786"}],"wp:attachment":[{"href":"https:\/\/clickscertos.com.br\/loja_online\/wp-json\/wp\/v2\/media?parent=6785"}],"wp:term":[{"taxonomy":"product_brand","embeddable":true,"href":"https:\/\/clickscertos.com.br\/loja_online\/wp-json\/wp\/v2\/product_brand?post=6785"},{"taxonomy":"product_cat","embeddable":true,"href":"https:\/\/clickscertos.com.br\/loja_online\/wp-json\/wp\/v2\/product_cat?post=6785"},{"taxonomy":"product_tag","embeddable":true,"href":"https:\/\/clickscertos.com.br\/loja_online\/wp-json\/wp\/v2\/product_tag?post=6785"}],"curies":[{"name":"wp","href":"https:\/\/api.w.org\/{rel}","templated":true}]}}