{"id":6783,"date":"2024-10-16T12:51:27","date_gmt":"2024-10-16T15:51:27","guid":{"rendered":"https:\/\/clickscertos.com.br\/loja_online\/?post_type=product&#038;p=6783"},"modified":"2025-07-15T12:17:22","modified_gmt":"2025-07-15T15:17:22","slug":"015-perfex-crm","status":"publish","type":"product","link":"https:\/\/clickscertos.com.br\/loja_online\/produto\/015-perfex-crm\/","title":{"rendered":"015 -PERFEX CRM"},"content":{"rendered":"<p>Perfex CRM \u00e9 um software de Customer Relationship Management (CRM)<br \/>\nProjetado para pequenas empresas, freelancers e provedores de servi\u00e7os.<br \/>\n\u00c9 uma plataforma vers\u00e1til e auto-hospedada que ajuda as empresas a gerenciar suas intera\u00e7\u00f5es com clientes, projetos e faturamento. Os principais recursos incluem:<\/p>\n<p>\ud83d\udc49 Com mais de 150 modulos incluidos para aperfei\u00e7oar o sistema.<br \/>\n\ud83d\udc49 Gerenciamento de clientes : permite o rastreamento de intera\u00e7\u00f5es com clientes, tickets de suporte e hist\u00f3rico do cliente em um s\u00f3 lugar.<br \/>\n\ud83d\udc49 Gerenciamento de projetos : facilita o acompanhamento de projetos, atribui\u00e7\u00f5es de tarefas, controle de tempo e colabora\u00e7\u00e3o.<br \/>\n\ud83d\udc49 Faturamento e cobran\u00e7a : oferece suporte \u00e0 cria\u00e7\u00e3o e ao envio de faturas, ao rastreamento de pagamentos e ao gerenciamento de despesas.<br \/>\n\ud83d\udc49 Personaliza\u00e7\u00e3o : Oferece flexibilidade com m\u00f3dulos e integra\u00e7\u00f5es, permitindo solu\u00e7\u00f5es personalizadas.<br \/>\n\ud83d\udc49 Auto-hospedado : Pode ser hospedado nos servidores da pr\u00f3pria empresa, fornecendo controle sobre os dados e op\u00e7\u00f5es de personaliza\u00e7\u00e3o.<br \/>\n\ud83d\udc49 O Perfex CRM \u00e9 adequado para diversas necessidades empresariais, desde atendimento ao cliente e vendas at\u00e9 gerenciamento de projetos e faturamento.<\/p>\n<p>Valor de venda do sistema.<br \/>\n299,85 Venda do codigo fonte + 150 modulos profissionais.<br \/>\n399,85 Venda do codigo fonte + 150 modulos profissionais e instala\u00e7\u00e3o do sistema feito por nossos t\u00e9cnicos.<\/p>\n<p>\ud83d\udc69\u200d\ud83e\uddb0 Qualquer duvida sobre algum produto, por favor, nos envie mensagens.<\/p>\n","protected":false},"excerpt":{"rendered":"<p>Perfex CRM \u00e9 um software de Customer Relationship Management (CRM)<br \/>\nProjetado para pequenas empresas, freelancers e provedores de servi\u00e7os.<\/p>\n<p>&nbsp;<\/p>\n<p>\ud83d\udc49 **Com mais de 150 modulos incluidos para aperfei\u00e7oar o sistema.**<\/p>\n<p>***Depende do plano escolhido. Caso estiver com d\u00favidas. nos envie mensagens.<\/p>\n","protected":false},"featured_media":6788,"template":"","meta":{"_acf_changed":false,"_joinchat":[]},"product_brand":[],"product_cat":[244],"product_tag":[],"class_list":{"0":"post-6783","1":"product","2":"type-product","3":"status-publish","4":"has-post-thumbnail","6":"product_cat-produtos-digitais","8":"first","9":"instock","10":"sale","11":"downloadable","12":"virtual","13":"purchasable","14":"product-type-simple"},"acf":[],"jetpack_likes_enabled":true,"jetpack_sharing_enabled":true,"_links":{"self":[{"href":"https:\/\/clickscertos.com.br\/loja_online\/wp-json\/wp\/v2\/product\/6783","targetHints":{"allow":["GET"]}}],"collection":[{"href":"https:\/\/clickscertos.com.br\/loja_online\/wp-json\/wp\/v2\/product"}],"about":[{"href":"https:\/\/clickscertos.com.br\/loja_online\/wp-json\/wp\/v2\/types\/product"}],"wp:featuredmedia":[{"embeddable":true,"href":"https:\/\/clickscertos.com.br\/loja_online\/wp-json\/wp\/v2\/media\/6788"}],"wp:attachment":[{"href":"https:\/\/clickscertos.com.br\/loja_online\/wp-json\/wp\/v2\/media?parent=6783"}],"wp:term":[{"taxonomy":"product_brand","embeddable":true,"href":"https:\/\/clickscertos.com.br\/loja_online\/wp-json\/wp\/v2\/product_brand?post=6783"},{"taxonomy":"product_cat","embeddable":true,"href":"https:\/\/clickscertos.com.br\/loja_online\/wp-json\/wp\/v2\/product_cat?post=6783"},{"taxonomy":"product_tag","embeddable":true,"href":"https:\/\/clickscertos.com.br\/loja_online\/wp-json\/wp\/v2\/product_tag?post=6783"}],"curies":[{"name":"wp","href":"https:\/\/api.w.org\/{rel}","templated":true}]}}