{"id":6742,"date":"2024-09-24T13:08:56","date_gmt":"2024-09-24T16:08:56","guid":{"rendered":"https:\/\/clickscertos.com.br\/loja_online\/?post_type=product&#038;p=6742"},"modified":"2025-07-15T12:18:53","modified_gmt":"2025-07-15T15:18:53","slug":"020-wpform-drag-drop-wordpress-form-builder","status":"publish","type":"product","link":"https:\/\/clickscertos.com.br\/loja_online\/produto\/020-wpform-drag-drop-wordpress-form-builder\/","title":{"rendered":"020 -WPForm Drag &#038; Drop WordPress Form Builder"},"content":{"rendered":"<p>WPForms \u00e9 o plugin de formul\u00e1rio de contato WordPress mais amig\u00e1vel para iniciantes no mercado.<br \/>\nO construtor intuitivo de formul\u00e1rios de arrastar e soltar permite que voc\u00ea crie facilmente formul\u00e1rios de contato, formul\u00e1rios de assinatura de e-mail, formul\u00e1rios de pagamento e outros tipos de formul\u00e1rios online com apenas alguns cliques (sem escrever nenhum c\u00f3digo ou contratar um desenvolvedor).<\/p>\n","protected":false},"excerpt":{"rendered":"<p>WPForm Drag &amp; Drop WordPress Form Builder<\/p>\n<p>\u2013 Original \u2013 Voc\u00ea receber\u00e1 arquivos intocados e n\u00e3o modificados \u2013 Arquivos 100% limpos e livres de v\u00edrus \u2013 Uso ilimitado do dom\u00ednio \u2013 Licen\u00e7a: GPL \u2013 Envio Autom\u00e1tico na hora! Vers\u00e3o: 1.9.0.4<\/p>\n","protected":false},"featured_media":6732,"template":"","meta":{"_acf_changed":false,"_joinchat":[]},"product_brand":[],"product_cat":[244],"product_tag":[],"class_list":{"0":"post-6742","1":"product","2":"type-product","3":"status-publish","4":"has-post-thumbnail","6":"product_cat-produtos-digitais","8":"first","9":"instock","10":"sale","11":"downloadable","12":"virtual","13":"purchasable","14":"product-type-simple"},"acf":[],"jetpack_likes_enabled":true,"jetpack_sharing_enabled":true,"_links":{"self":[{"href":"https:\/\/clickscertos.com.br\/loja_online\/wp-json\/wp\/v2\/product\/6742","targetHints":{"allow":["GET"]}}],"collection":[{"href":"https:\/\/clickscertos.com.br\/loja_online\/wp-json\/wp\/v2\/product"}],"about":[{"href":"https:\/\/clickscertos.com.br\/loja_online\/wp-json\/wp\/v2\/types\/product"}],"wp:featuredmedia":[{"embeddable":true,"href":"https:\/\/clickscertos.com.br\/loja_online\/wp-json\/wp\/v2\/media\/6732"}],"wp:attachment":[{"href":"https:\/\/clickscertos.com.br\/loja_online\/wp-json\/wp\/v2\/media?parent=6742"}],"wp:term":[{"taxonomy":"product_brand","embeddable":true,"href":"https:\/\/clickscertos.com.br\/loja_online\/wp-json\/wp\/v2\/product_brand?post=6742"},{"taxonomy":"product_cat","embeddable":true,"href":"https:\/\/clickscertos.com.br\/loja_online\/wp-json\/wp\/v2\/product_cat?post=6742"},{"taxonomy":"product_tag","embeddable":true,"href":"https:\/\/clickscertos.com.br\/loja_online\/wp-json\/wp\/v2\/product_tag?post=6742"}],"curies":[{"name":"wp","href":"https:\/\/api.w.org\/{rel}","templated":true}]}}