{"id":6741,"date":"2024-09-24T12:51:42","date_gmt":"2024-09-24T15:51:42","guid":{"rendered":"https:\/\/clickscertos.com.br\/loja_online\/?post_type=product&#038;p=6741"},"modified":"2025-07-15T12:21:48","modified_gmt":"2025-07-15T15:21:48","slug":"019-5-000-artes-corel-draw-editaveis","status":"publish","type":"product","link":"https:\/\/clickscertos.com.br\/loja_online\/produto\/019-5-000-artes-corel-draw-editaveis\/","title":{"rendered":"019 -5.000 Artes Corel Draw \u2013 Edit\u00e1veis"},"content":{"rendered":"<p>Pack Profissional de Artes e Arquivos Digitais.<\/p>\n<p>1.352 VETORES PARA REDES SOCIAIS<br \/>\n200 CART\u00d5ES DE VISITA E CONVITES DIGITAIS INTERATIVOS<br \/>\n4.246 VETORES PARA GR\u00c1FICA R\u00c1PIDA<br \/>\n422 VETORES PARA POLITICA CORELDRAW<\/p>\n<p>ATEN\u00c7\u00c3O! O Programa Corel Draw n\u00e3o est\u00e1 inclu\u00eddo na compra.<br \/>\nO Pack de Templates Edit\u00e1veis Corel Draw cont\u00e9m apenas os arquivos de templates para o programa Corel Draw.<br \/>\nVoc\u00ea precisar\u00e1 ter o programa Corel Draw instalado em seu computador para poder utilizar os templates!<\/p>\n","protected":false},"excerpt":{"rendered":"<p>+de 5.000 Artes Corel Draw \u2013 Edit\u00e1veis<\/p>\n<p>Pack Profissional de Artes e Arquivos Digitais. Vetores para redes sociais Cart\u00f5es de visitas e convites digitais Vetores para pol\u00edtica Banner Vertical Certificados Convite de Casamento Crach\u00e1s Panfletos Vetores variados Aulas e Curso<\/p>\n","protected":false},"featured_media":6731,"template":"","meta":{"_acf_changed":false,"_joinchat":[]},"product_brand":[],"product_cat":[244],"product_tag":[],"class_list":{"0":"post-6741","1":"product","2":"type-product","3":"status-publish","4":"has-post-thumbnail","6":"product_cat-produtos-digitais","8":"first","9":"instock","10":"sale","11":"downloadable","12":"virtual","13":"purchasable","14":"product-type-simple"},"acf":[],"jetpack_likes_enabled":true,"jetpack_sharing_enabled":true,"_links":{"self":[{"href":"https:\/\/clickscertos.com.br\/loja_online\/wp-json\/wp\/v2\/product\/6741","targetHints":{"allow":["GET"]}}],"collection":[{"href":"https:\/\/clickscertos.com.br\/loja_online\/wp-json\/wp\/v2\/product"}],"about":[{"href":"https:\/\/clickscertos.com.br\/loja_online\/wp-json\/wp\/v2\/types\/product"}],"wp:featuredmedia":[{"embeddable":true,"href":"https:\/\/clickscertos.com.br\/loja_online\/wp-json\/wp\/v2\/media\/6731"}],"wp:attachment":[{"href":"https:\/\/clickscertos.com.br\/loja_online\/wp-json\/wp\/v2\/media?parent=6741"}],"wp:term":[{"taxonomy":"product_brand","embeddable":true,"href":"https:\/\/clickscertos.com.br\/loja_online\/wp-json\/wp\/v2\/product_brand?post=6741"},{"taxonomy":"product_cat","embeddable":true,"href":"https:\/\/clickscertos.com.br\/loja_online\/wp-json\/wp\/v2\/product_cat?post=6741"},{"taxonomy":"product_tag","embeddable":true,"href":"https:\/\/clickscertos.com.br\/loja_online\/wp-json\/wp\/v2\/product_tag?post=6741"}],"curies":[{"name":"wp","href":"https:\/\/api.w.org\/{rel}","templated":true}]}}