{"id":6734,"date":"2024-09-24T12:13:02","date_gmt":"2024-09-24T15:13:02","guid":{"rendered":"https:\/\/clickscertos.com.br\/loja_online\/?post_type=product&#038;p=6734"},"modified":"2025-07-15T12:22:22","modified_gmt":"2025-07-15T15:22:22","slug":"022-pack-do-siteexpresso-10-scripts-de-sites-prontos","status":"publish","type":"product","link":"https:\/\/clickscertos.com.br\/loja_online\/produto\/022-pack-do-siteexpresso-10-scripts-de-sites-prontos\/","title":{"rendered":"022 -Pack do SiteExpresso \u2013 10 Scripts de Sites Prontos"},"content":{"rendered":"<p>Crie seu neg\u00f3cio online em minutos! Ganhe dinheiro vendendo sites prontos para nichos espec\u00edficos.<br \/>\nDescubra uma nova forma de lucrar vendendo sites prontos para diversos nichos. Com nosso servi\u00e7o, voc\u00ea pode cobrar de 500 at\u00e9 1500 por cada site entregue. O melhor de tudo \u00e9 que voc\u00ea n\u00e3o precisa ter conhecimentos em programa\u00e7\u00e3o! Nossos scripts s\u00e3o de f\u00e1cil instala\u00e7\u00e3o, permitindo que seu cliente tenha um site no ar em quest\u00e3o de minutos. Al\u00e9m disso, nosso painel administrativo permite a edi\u00e7\u00e3o completa do script, possibilitando modificar banners, t\u00edtulos, textos, blogs e muito mais. Aproveite essa oportunidade e comece a ganhar dinheiro com a venda de sites prontos hoje mesmo!<\/p>\n","protected":false},"excerpt":{"rendered":"<p>Pack do SiteExpresso \u2013 10 Scripts de Sites Prontos<\/p>\n<p>Nosso Pack de Scripts para Sites \u00e9 a solu\u00e7\u00e3o ideal para quem deseja criar um site de forma pr\u00e1tica e eficiente. Com ele, voc\u00ea tem acesso a uma variedade de scripts responsivos e f\u00e1ceis de instalar, que se adaptam perfeitamente a diferentes tamanhos de tela.<\/p>\n","protected":false},"featured_media":6729,"template":"","meta":{"_acf_changed":false,"_joinchat":[]},"product_brand":[],"product_cat":[244],"product_tag":[],"class_list":{"0":"post-6734","1":"product","2":"type-product","3":"status-publish","4":"has-post-thumbnail","6":"product_cat-produtos-digitais","8":"first","9":"instock","10":"sale","11":"downloadable","12":"virtual","13":"purchasable","14":"product-type-simple"},"acf":[],"jetpack_likes_enabled":true,"jetpack_sharing_enabled":true,"_links":{"self":[{"href":"https:\/\/clickscertos.com.br\/loja_online\/wp-json\/wp\/v2\/product\/6734","targetHints":{"allow":["GET"]}}],"collection":[{"href":"https:\/\/clickscertos.com.br\/loja_online\/wp-json\/wp\/v2\/product"}],"about":[{"href":"https:\/\/clickscertos.com.br\/loja_online\/wp-json\/wp\/v2\/types\/product"}],"wp:featuredmedia":[{"embeddable":true,"href":"https:\/\/clickscertos.com.br\/loja_online\/wp-json\/wp\/v2\/media\/6729"}],"wp:attachment":[{"href":"https:\/\/clickscertos.com.br\/loja_online\/wp-json\/wp\/v2\/media?parent=6734"}],"wp:term":[{"taxonomy":"product_brand","embeddable":true,"href":"https:\/\/clickscertos.com.br\/loja_online\/wp-json\/wp\/v2\/product_brand?post=6734"},{"taxonomy":"product_cat","embeddable":true,"href":"https:\/\/clickscertos.com.br\/loja_online\/wp-json\/wp\/v2\/product_cat?post=6734"},{"taxonomy":"product_tag","embeddable":true,"href":"https:\/\/clickscertos.com.br\/loja_online\/wp-json\/wp\/v2\/product_tag?post=6734"}],"curies":[{"name":"wp","href":"https:\/\/api.w.org\/{rel}","templated":true}]}}