{"id":6727,"date":"2024-09-24T12:06:59","date_gmt":"2024-09-24T15:06:59","guid":{"rendered":"https:\/\/clickscertos.com.br\/loja_online\/?post_type=product&#038;p=6727"},"modified":"2025-07-15T12:22:36","modified_gmt":"2025-07-15T15:22:36","slug":"023-plugin-backup-e-restauracao-de-todo-o-wordpress","status":"publish","type":"product","link":"https:\/\/clickscertos.com.br\/loja_online\/produto\/023-plugin-backup-e-restauracao-de-todo-o-wordpress\/","title":{"rendered":"023 -PLUGIN  BACKUP E RESTAURA\u00c7\u00c3O DE TODO O WORDPRESS"},"content":{"rendered":"<p>All-in-One WP Migration Unlimited Extension 32 GB<\/p>\n<p>PLUGIN PRO PARA WORDPRESS<\/p>\n<p>Concentre-se na cria\u00e7\u00e3o de sites atraentes.<br \/>\nN\u00f3s cuidamos de mover seu site para qualquer servidor.<\/p>\n<p>Exporta\u00e7\u00e3o ultra-r\u00e1pida<br \/>\nArquivamos seus dados em segundos usando o WPRESS, nosso formato de arquivo de c\u00f3digo aberto.<br \/>\n\u00c9 preciso um \u00fanico clique para produzir uma c\u00f3pia do seu site.<\/p>\n<p>Arrastar e soltar importa\u00e7\u00e3o<br \/>\nProcesso de importa\u00e7\u00e3o incrivelmente f\u00e1cil, intuitivo, r\u00e1pido e projetado para oferecer suporte a backups extremamente grandes (a vers\u00e3o da comunidade \u00e9 limitada a 512 MB, e isso \u00e9 alcan\u00e7ado atrav\u00e9s da extens\u00e3o).<\/p>\n<p>Backups de conveni\u00eancia<br \/>\nSempre que voc\u00ea exporta o site, estamos armazenando uma c\u00f3pia de backup dispon\u00edvel para uso posterior.<br \/>\nOs backups s\u00e3o ordenados por data e voc\u00ea pode restaurar um backup clicando no bot\u00e3o Restaurar<\/p>\n","protected":false},"excerpt":{"rendered":"<p>PLUGIN BACKUP E RESTAURA\u00c7\u00c3O DE TODO O WORDPRESS<br \/>\nAll-in-One WP Migration Unlimited Extension<\/p>\n<p>All-in-One WP Migration Unlimited Extension 2.54 Remova o limite de importa\u00e7\u00e3o de 512 MB Use em qualquer n\u00famero de sites que voc\u00ea possui Restaurar backup do servidor Comandos WP CLI Fa\u00e7a backups ilimitados dos seus sites!<\/p>\n","protected":false},"featured_media":6728,"template":"","meta":{"_acf_changed":false,"_joinchat":[]},"product_brand":[],"product_cat":[244],"product_tag":[],"class_list":{"0":"post-6727","1":"product","2":"type-product","3":"status-publish","4":"has-post-thumbnail","6":"product_cat-produtos-digitais","8":"first","9":"instock","10":"sale","11":"downloadable","12":"virtual","13":"purchasable","14":"product-type-simple"},"acf":[],"jetpack_likes_enabled":true,"jetpack_sharing_enabled":true,"_links":{"self":[{"href":"https:\/\/clickscertos.com.br\/loja_online\/wp-json\/wp\/v2\/product\/6727","targetHints":{"allow":["GET"]}}],"collection":[{"href":"https:\/\/clickscertos.com.br\/loja_online\/wp-json\/wp\/v2\/product"}],"about":[{"href":"https:\/\/clickscertos.com.br\/loja_online\/wp-json\/wp\/v2\/types\/product"}],"wp:featuredmedia":[{"embeddable":true,"href":"https:\/\/clickscertos.com.br\/loja_online\/wp-json\/wp\/v2\/media\/6728"}],"wp:attachment":[{"href":"https:\/\/clickscertos.com.br\/loja_online\/wp-json\/wp\/v2\/media?parent=6727"}],"wp:term":[{"taxonomy":"product_brand","embeddable":true,"href":"https:\/\/clickscertos.com.br\/loja_online\/wp-json\/wp\/v2\/product_brand?post=6727"},{"taxonomy":"product_cat","embeddable":true,"href":"https:\/\/clickscertos.com.br\/loja_online\/wp-json\/wp\/v2\/product_cat?post=6727"},{"taxonomy":"product_tag","embeddable":true,"href":"https:\/\/clickscertos.com.br\/loja_online\/wp-json\/wp\/v2\/product_tag?post=6727"}],"curies":[{"name":"wp","href":"https:\/\/api.w.org\/{rel}","templated":true}]}}