{"id":6659,"date":"2024-06-25T10:47:49","date_gmt":"2024-06-25T13:47:49","guid":{"rendered":"https:\/\/clickscertos.com.br\/loja_online\/?post_type=product&#038;p=6659"},"modified":"2025-07-15T12:10:04","modified_gmt":"2025-07-15T15:10:04","slug":"009-14000-paginas-editaveis-wordpress-elementor","status":"publish","type":"product","link":"https:\/\/clickscertos.com.br\/loja_online\/produto\/009-14000-paginas-editaveis-wordpress-elementor\/","title":{"rendered":"009 -14000 PAGINAS EDITAVEIS WORDPRESS-ELEMENTOR"},"content":{"rendered":"<p>14000 PAGINAS EDITAVEIS WORDPRESS-ELEMENTOR<\/p>\n<p>Simplificamos tudo para voc\u00ea. Com mais de 14.000 modelos de p\u00e1ginas prontas para usar, todas edit\u00e1veis no Elementor, criar um site profissional nunca foi t\u00e3o f\u00e1cil. Em minutos, seu site estar\u00e1 no ar, pronto para atrair clientes.<\/p>\n<p>\u00cdTENS INCLUSOS:<\/p>\n<p>+14.000 p\u00e1ginas testadas e validadas<br \/>\nSites completos<br \/>\nP\u00e1ginas premium envato<br \/>\nB\u00f4nus 1: Elementor Pro<br \/>\nB\u00f4nus 2: WP Rocket Vital\u00edcio<br \/>\nB\u00f4nus 3: Clonador de p\u00e1ginas<br \/>\nB\u00f4nus 4: 10 passos para ter um neg\u00f3cio online<br \/>\nB\u00f4nus 5: Curso de Dom\u00ednios<br \/>\nB\u00f4nus 6: Curso de Hospedagem<br \/>\nB\u00f4nus 7: Curso de Facebook ADS<br \/>\nB\u00f4nus 8: Curso de Google ADS<br \/>\nB\u00f4nus 9: Curso de WhatsApp Business<br \/>\nB\u00f4nus 10: Curso de Cria\u00e7\u00e3o de Logo<br \/>\nB\u00f4nus 11: Curso de Criativos que Vendem<br \/>\nB\u00f4nus 12: Curso de ChatGPT<br \/>\nB\u00f4nus 13: 10.000 PLRs traduzidos<br \/>\nB\u00f4nus 14: 15 Planilhas exclusivas<br \/>\nB\u00f4nus 15: 3.000 Artes Prontas e Edit\u00e1veis no Canva<br \/>\nReceba mais de 14.000 p\u00e1ginas edit\u00e1veis e aumente suas convers\u00f5es hoje mesmo sem nenhuma mensalidade!<\/p>\n","protected":false},"excerpt":{"rendered":"<p>Com o Pack de p\u00e1ginas de vendas, voc\u00ea supera os desafios e despesas de criar uma p\u00e1gina de vendas do zero. Economiza tempo, dinheiro e esfor\u00e7o enquanto alcan\u00e7a resultados impressionantes para o seu neg\u00f3cio.<\/p>\n<p>Foque no crescimento do seu neg\u00f3cio enquanto n\u00f3s lidamos com a cria\u00e7\u00e3o de p\u00e1ginas. Deixe-nos ajud\u00e1-lo a alcan\u00e7ar o sucesso online de forma r\u00e1pida e eficaz.<\/p>\n<p>Milhares de p\u00e1ginas +cusos para marketing digital.<\/p>\n<p>Em caso de d\u00favidas, por favor, esclare\u00e7am com nossas atendentes.<\/p>\n","protected":false},"featured_media":6661,"template":"","meta":{"_acf_changed":false,"_joinchat":[]},"product_brand":[],"product_cat":[244],"product_tag":[],"class_list":{"0":"post-6659","1":"product","2":"type-product","3":"status-publish","4":"has-post-thumbnail","6":"product_cat-produtos-digitais","8":"first","9":"instock","10":"sale","11":"downloadable","12":"virtual","13":"purchasable","14":"product-type-simple"},"acf":[],"jetpack_likes_enabled":true,"jetpack_sharing_enabled":true,"_links":{"self":[{"href":"https:\/\/clickscertos.com.br\/loja_online\/wp-json\/wp\/v2\/product\/6659","targetHints":{"allow":["GET"]}}],"collection":[{"href":"https:\/\/clickscertos.com.br\/loja_online\/wp-json\/wp\/v2\/product"}],"about":[{"href":"https:\/\/clickscertos.com.br\/loja_online\/wp-json\/wp\/v2\/types\/product"}],"wp:featuredmedia":[{"embeddable":true,"href":"https:\/\/clickscertos.com.br\/loja_online\/wp-json\/wp\/v2\/media\/6661"}],"wp:attachment":[{"href":"https:\/\/clickscertos.com.br\/loja_online\/wp-json\/wp\/v2\/media?parent=6659"}],"wp:term":[{"taxonomy":"product_brand","embeddable":true,"href":"https:\/\/clickscertos.com.br\/loja_online\/wp-json\/wp\/v2\/product_brand?post=6659"},{"taxonomy":"product_cat","embeddable":true,"href":"https:\/\/clickscertos.com.br\/loja_online\/wp-json\/wp\/v2\/product_cat?post=6659"},{"taxonomy":"product_tag","embeddable":true,"href":"https:\/\/clickscertos.com.br\/loja_online\/wp-json\/wp\/v2\/product_tag?post=6659"}],"curies":[{"name":"wp","href":"https:\/\/api.w.org\/{rel}","templated":true}]}}