{"id":6637,"date":"2024-06-20T11:37:29","date_gmt":"2024-06-20T14:37:29","guid":{"rendered":"https:\/\/clickscertos.com.br\/loja_online\/?post_type=product&#038;p=6637"},"modified":"2025-07-15T12:13:25","modified_gmt":"2025-07-15T15:13:25","slug":"014-wa-defender-wahammer","status":"publish","type":"product","link":"https:\/\/clickscertos.com.br\/loja_online\/produto\/014-wa-defender-wahammer\/","title":{"rendered":"014 -WA DEFENDER &#8211;  WAHAMMER"},"content":{"rendered":"<p>WAHAMMER AQUECEDOR DE CHIPS PARA WHATSAPP<br \/>\nFun\u00e7\u00f5es Poderosas: Adicione, Rode em PC Fraco,<br \/>\nImporte, Licen\u00e7as Ilimitadas, Reforce seu Chip!<br \/>\nGerador de Licen\u00e7as, Gere Licen\u00e7as, Maturadores WhatsApp, WhatsApp Marketing<br \/>\nCompra vital\u00edcia + gerador de licen\u00e7as incluso.<\/p>\n<p>WaDefender \u2013 Ferramenta para verificar a for\u00e7a da conta do WhatsApp antes de enviar mensagens em massa.<br \/>\nSoftware atualizado com gerador de licen\u00e7as incluso.<br \/>\nCompat\u00edvel com Windows 10, 11<\/p>\n<p>DESCRI\u00c7\u00c3O:<\/p>\n<p>WaDefender \u00e9 um software para PC com Windows que ajuda a evitar o banimento da conta no WhatsApp ao enviar mensagens em massa.<br \/>\nO WhatsApp imp\u00f5e limites baseados em diversos par\u00e2metros, como a idade da conta.<br \/>\nNosso software avalia esses par\u00e2metros, como a antiguidade da conta, permitindo que voc\u00ea saiba a for\u00e7a dela.<br \/>\nQuanto mais forte a conta, mais mensagens voc\u00ea pode enviar. N\u00e3o h\u00e1 limites fixos, mas o software fornece sugest\u00f5es para melhorar a for\u00e7a da conta, caso necess\u00e1rio.<br \/>\nCompat\u00edvel com Windows 10, 11<br \/>\nGerador de licen\u00e7as incluso.<\/p>\n<p>Evite problemas com banimentos!<br \/>\nWAHAMMER AQUECEDOR DE CHIPS PARA WHATSAPP<br \/>\nAque\u00e7a o seu n\u00famero antes de enviar mensagens, seja de forma manual ou autom\u00e1tica com o WaHammer, economizando muito tempo.<br \/>\nComprar um novo n\u00famero e enviar mensagens indiscriminadamente resultar\u00e1 em banimento r\u00e1pido.<br \/>\nUm hist\u00f3rico de conversas \u00e9 crucial para evitar isso.<br \/>\nCompra vital\u00edcia + gerador de licen\u00e7as incluso.<\/p>\n<p>&nbsp;<\/p>\n","protected":false},"excerpt":{"rendered":"<p>WAHAMMER AQUECEDOR DE CHIPS PARA WHATSAPP<br \/>\nFun\u00e7\u00f5es Poderosas: Adicione, Rode em PC Fraco,<br \/>\nImporte, Licen\u00e7as Ilimitadas, Reforce seu Chip!<br \/>\nGerador de Licen\u00e7as, Gere Licen\u00e7as, Maturadores WhatsApp, WhatsApp Marketing<br \/>\nCompra vital\u00edcia + gerador de licen\u00e7as incluso.<\/p>\n<p>WaDefender \u2013 Ferramenta para verificar a for\u00e7a da conta do WhatsApp antes de enviar mensagens em massa.<br \/>\nSoftware atualizado com gerador de licen\u00e7as incluso.<br \/>\nCompat\u00edvel com Windows 10, 11<\/p>\n","protected":false},"featured_media":6686,"template":"","meta":{"_acf_changed":false,"_joinchat":[]},"product_brand":[],"product_cat":[244],"product_tag":[],"class_list":{"0":"post-6637","1":"product","2":"type-product","3":"status-publish","4":"has-post-thumbnail","6":"product_cat-produtos-digitais","8":"first","9":"instock","10":"sale","11":"downloadable","12":"virtual","13":"purchasable","14":"product-type-simple"},"acf":[],"jetpack_likes_enabled":true,"jetpack_sharing_enabled":true,"_links":{"self":[{"href":"https:\/\/clickscertos.com.br\/loja_online\/wp-json\/wp\/v2\/product\/6637","targetHints":{"allow":["GET"]}}],"collection":[{"href":"https:\/\/clickscertos.com.br\/loja_online\/wp-json\/wp\/v2\/product"}],"about":[{"href":"https:\/\/clickscertos.com.br\/loja_online\/wp-json\/wp\/v2\/types\/product"}],"wp:featuredmedia":[{"embeddable":true,"href":"https:\/\/clickscertos.com.br\/loja_online\/wp-json\/wp\/v2\/media\/6686"}],"wp:attachment":[{"href":"https:\/\/clickscertos.com.br\/loja_online\/wp-json\/wp\/v2\/media?parent=6637"}],"wp:term":[{"taxonomy":"product_brand","embeddable":true,"href":"https:\/\/clickscertos.com.br\/loja_online\/wp-json\/wp\/v2\/product_brand?post=6637"},{"taxonomy":"product_cat","embeddable":true,"href":"https:\/\/clickscertos.com.br\/loja_online\/wp-json\/wp\/v2\/product_cat?post=6637"},{"taxonomy":"product_tag","embeddable":true,"href":"https:\/\/clickscertos.com.br\/loja_online\/wp-json\/wp\/v2\/product_tag?post=6637"}],"curies":[{"name":"wp","href":"https:\/\/api.w.org\/{rel}","templated":true}]}}