{"id":6354,"date":"2024-02-03T10:35:08","date_gmt":"2024-02-03T13:35:08","guid":{"rendered":"https:\/\/clickscertos.com.br\/loja_online\/?post_type=product&#038;p=6354"},"modified":"2025-07-15T12:16:34","modified_gmt":"2025-07-15T15:16:34","slug":"003-chats-bots-profissionais","status":"publish","type":"product","link":"https:\/\/clickscertos.com.br\/loja_online\/produto\/003-chats-bots-profissionais\/","title":{"rendered":"003 -Chats-Bots Profissionais"},"content":{"rendered":"<p>Chats-Bots Profissionais<br \/>\n\ud83d\udc69\u200d\ud83e\uddb0 Sistema profissional de atendimentos autom\u00e1ticos.<br \/>\n\ud83d\udc69\u200d\ud83e\uddb0 Tenha hoje mesmo um Chat-bot profissional para r\u00e1pidos atendimentos em tempo integral de seus clientes.<\/p>\n<p>\u2705 &#8211; N\u00e3o deixe seus clientes esperando por atendimentos.<br \/>\n\u2705 &#8211; Pagamento \u00fanico pelo sistema.<br \/>\n\u2705 &#8211; Integra\u00e7\u00f5es com as melhores IAs do mercado.<br \/>\n\u2705 &#8211; Instalador autom\u00e1tico do sistema extremamente f\u00e1cil de usar.<br \/>\n\u2705 &#8211; Tutoriais em videos e textos para configura\u00e7\u00f5es e instala\u00e7\u00f5es do sistema.<br \/>\n\u2705 &#8211; Sistema SaaS. Pode ser usados para si e\/ou alugar para terceiros.<br \/>\n\u2705 &#8211; Um ano de atualiza\u00e7\u00f5es e suportes.<br \/>\n\u2705 &#8211; Funciona em celulares e computadores.<br \/>\n\u2705 &#8211; Fluxos de atendimentos profissionais automatizados.<br \/>\n\u2705 &#8211; Atendimentos humanizado, Autom\u00e1ticos \/ instant\u00e2neos e com intelig\u00eancia artificial.<br \/>\n\u2705 &#8211; Inclu\u00eddo mais de 2000 chat-bots (fluxo) para os mais variados segmentos de neg\u00f3cios.<br \/>\n\u2705 &#8211; Curso e aulas sobre o Typebot.<\/p>\n<p>&#8212;&#8212;&#8212;&#8212;&#8212;&#8212;&#8212;&#8212;-<br \/>\n&#8212;&#8212;&#8212;&#8212;&#8212;&#8212;&#8212;&#8212;-<br \/>\nExemplos de alguns chat-bots:<\/p>\n<p>Chat-bot de Hambugueria.<br \/>\nhttps:\/\/viewer.clickscertos.com.br\/hamburgueria<\/p>\n<p>Chat-bot de produtos digitais.<br \/>\nhttps:\/\/viewer.clickscertos.com.br\/clickscertosfluxos<\/p>\n<p>&#8212;&#8212;&#8212;&#8212;&#8212;&#8212;&#8212;&#8212;-<br \/>\n&#8212;&#8212;&#8212;&#8212;&#8212;&#8212;&#8212;&#8212;-<br \/>\nVALORES:\ud83d\udc47\ud83d\udc47<br \/>\n&#8212;&#8212;&#8212;&#8212;&#8212;&#8212;&#8212;&#8212;-<\/p>\n<p>PLANO 01<br \/>\nVALOR DE 299,85<br \/>\nENVIO DE TODAS AS STACKS E ARQUIVOS NECESS\u00c1RIOS.<br \/>\nENVIO DO MANUAL DE INSTALA\u00c7\u00d5ES E INSTRU\u00c7\u00d5ES DE USO.<br \/>\nINSTALA\u00c7\u00d5ES FEITA POR COMPRADOR DOS SISTEMAS.<\/p>\n<p>\ud83d\udc69\u200d\ud83e\uddb0 *Voc\u00ea ter\u00e1 acesso garantido por 12 meses \u00e0s atualiza\u00e7\u00f5es, arquivos, c\u00f3digos fontes, tutoriais de instala\u00e7\u00f5es e ao nosso suporte avan\u00e7ado com t\u00e9cnicos altamente qualificados.*<\/p>\n<p>&#8212;&#8212;&#8212;&#8212;&#8212;&#8212;&#8212;&#8212;&#8212;<\/p>\n<p>PLANO 02<br \/>\nVALOR DE 399,85<br \/>\nENVIO DE TODAS AS STACKS E ARQUIVOS NECESS\u00c1RIOS.<br \/>\nENVIO DO MANUAL DE INSTALA\u00c7\u00d5ES E INSTRU\u00c7\u00d5ES DE USO.<br \/>\nINSTALA\u00c7\u00d5ES FEITA POR NOSSO TECNICOS.<\/p>\n<p>\ud83d\udc69\u200d\ud83e\uddb0 *Voc\u00ea ter\u00e1 acesso garantido por 12 meses \u00e0s atualiza\u00e7\u00f5es, arquivos, c\u00f3digos fontes, tutoriais de instala\u00e7\u00f5es e ao nosso suporte avan\u00e7ado com t\u00e9cnicos altamente qualificados.*<\/p>\n<p>&#8212;&#8212;&#8212;&#8212;&#8212;&#8212;&#8212;&#8212;-<br \/>\n&#8212;&#8212;&#8212;&#8212;&#8212;&#8212;&#8212;&#8212;-<\/p>\n<p>SISTEMA NECESS\u00c1RIOS.<br \/>\nUM DOMINIO<br \/>\nUM EMAIL VALIDO<br \/>\nUMA VPS COM 3 VCPU + 4 GIGAS DE MEMORIA. Sugerimos a Hetzner.<\/p>\n<p>&#8212;&#8212;&#8212;&#8212;&#8212;&#8212;&#8212;&#8212;-<br \/>\n&#8212;&#8212;&#8212;&#8212;&#8212;&#8212;&#8212;&#8212;-<\/p>\n<p>\u2705 &#8211; Caso queira que a INSTALA\u00c7\u00c3O* seja feita por nossos tecnicos, cobramos o valor A PARTE de 99,85 no PIX.<br \/>\n* ATEN\u00c7\u00c3O>> INSTALA\u00c7\u00c3O FEITA COM AGENDAMENTO PR\u00c9VIO.<\/p>\n<p>\ud83d\udc69\u200d\ud83e\uddb0 Prezado cliente, \u00c9 GRAVADO EM VIDEO, todas as conversas no WhatsApp, todos os nossos atendimentos, instala\u00e7\u00f5es e qualquer tipo de servi\u00e7os prestados por nossa ag\u00eancia. Fazemos essas grava\u00e7\u00f5es justamente para evitar fraudes. O conte\u00fado gravado ficar\u00e1 dispon\u00edvel apenas para controle interno e N\u00c3O ESTAR\u00c1 DISPONIVEL PARA CLIENTES.<\/p>\n<p>Em caso de d\u00favidas, por favor, esclare\u00e7am com nossas atendentes.<\/p>\n","protected":false},"excerpt":{"rendered":"<p>Chats-Bots Profissionais<br \/>\n\ud83d\udc69\u200d\ud83e\uddb0 Sistema profissional de atendimentos autom\u00e1ticos.<br \/>\n\ud83d\udc69\u200d\ud83e\uddb0 Tenha hoje mesmo um Chat-bot profissional para r\u00e1pidos atendimentos em tempo integral de seus clientes.<\/p>\n<p>\ud83d\udc69\u200d\ud83e\uddb0 *Voc\u00ea ter\u00e1 acesso garantido por 12 meses \u00e0s atualiza\u00e7\u00f5es, arquivos, c\u00f3digos fontes, tutoriais de instala\u00e7\u00f5es e ao nosso suporte avan\u00e7ado com t\u00e9cnicos altamente qualificados.*<\/p>\n<p>\u2705 &#8211; N\u00e3o deixe seus clientes esperando por atendimentos.<br \/>\n\u2705 &#8211; Pagamento \u00fanico pelo sistema.<br \/>\n\u2705 &#8211; Integra\u00e7\u00f5es com as melhores IAs do mercado.<br \/>\n\u2705 &#8211; Instalador autom\u00e1tico do sistema extremamente f\u00e1cil de usar.<br \/>\n\u2705 &#8211; Tutoriais em videos e textos para configura\u00e7\u00f5es e instala\u00e7\u00f5es do sistema.<br \/>\n\u2705 &#8211; Sistema SaaS. Pode ser usados para si e\/ou alugar para terceiros.<br \/>\n\u2705 &#8211; Um ano de atualiza\u00e7\u00f5es e suportes.<br \/>\n\u2705 &#8211; Funciona em celulares e computadores.<br \/>\n\u2705 &#8211; Fluxos de atendimentos profissionais automatizados.<br \/>\n\u2705 &#8211; Atendimentos humanizado, Autom\u00e1ticos \/ instant\u00e2neos e com intelig\u00eancia artificial.<br \/>\n\u2705 &#8211; Inclu\u00eddo mais de 2000 chat-bots (fluxo) para os mais variados segmentos de neg\u00f3cios. <\/p>\n","protected":false},"featured_media":7445,"template":"","meta":{"_acf_changed":false,"_joinchat":[]},"product_brand":[],"product_cat":[244],"product_tag":[],"class_list":{"0":"post-6354","1":"product","2":"type-product","3":"status-publish","4":"has-post-thumbnail","6":"product_cat-produtos-digitais","8":"first","9":"instock","10":"sale","11":"downloadable","12":"virtual","13":"purchasable","14":"product-type-simple"},"acf":[],"jetpack_likes_enabled":true,"jetpack_sharing_enabled":true,"_links":{"self":[{"href":"https:\/\/clickscertos.com.br\/loja_online\/wp-json\/wp\/v2\/product\/6354","targetHints":{"allow":["GET"]}}],"collection":[{"href":"https:\/\/clickscertos.com.br\/loja_online\/wp-json\/wp\/v2\/product"}],"about":[{"href":"https:\/\/clickscertos.com.br\/loja_online\/wp-json\/wp\/v2\/types\/product"}],"wp:featuredmedia":[{"embeddable":true,"href":"https:\/\/clickscertos.com.br\/loja_online\/wp-json\/wp\/v2\/media\/7445"}],"wp:attachment":[{"href":"https:\/\/clickscertos.com.br\/loja_online\/wp-json\/wp\/v2\/media?parent=6354"}],"wp:term":[{"taxonomy":"product_brand","embeddable":true,"href":"https:\/\/clickscertos.com.br\/loja_online\/wp-json\/wp\/v2\/product_brand?post=6354"},{"taxonomy":"product_cat","embeddable":true,"href":"https:\/\/clickscertos.com.br\/loja_online\/wp-json\/wp\/v2\/product_cat?post=6354"},{"taxonomy":"product_tag","embeddable":true,"href":"https:\/\/clickscertos.com.br\/loja_online\/wp-json\/wp\/v2\/product_tag?post=6354"}],"curies":[{"name":"wp","href":"https:\/\/api.w.org\/{rel}","templated":true}]}}