{"id":5548,"date":"2024-01-13T13:35:54","date_gmt":"2024-01-13T16:35:54","guid":{"rendered":"https:\/\/clickscertos.com.br\/loja_online\/?post_type=product&#038;p=5548"},"modified":"2025-07-15T12:19:34","modified_gmt":"2025-07-15T15:19:34","slug":"028-kit-002-paginas-de-vendas","status":"publish","type":"product","link":"https:\/\/clickscertos.com.br\/loja_online\/produto\/028-kit-002-paginas-de-vendas\/","title":{"rendered":"028 -KIT 002  PAGINAS DE VENDAS"},"content":{"rendered":"<p>Criar uma\u00a0<strong>P\u00e1gina de Alta Convers\u00e3o<\/strong>\u00a0n\u00e3o precisa ser algo t\u00e3o dif\u00edcil e complexo.<\/p>\n<p>Voc\u00ea n\u00e3o precisa contratar um designer ou programador para fazer por voc\u00ea.<\/p>\n<p>Nem se tornar\u00a0<strong>ref\u00e9m de nenhuma ferramenta que custe o olho da cara\u2026<\/strong><\/p>\n<p>Basta voc\u00ea escolher um dos nossos Modelos de Alta Convers\u00e3o que mais se encaixa no seu neg\u00f3cio e adaptar para o seu produto.<\/p>\n","protected":false},"excerpt":{"rendered":"<div class=\"elementor-element elementor-element-4f08ff5b elementor-widget elementor-widget-heading\" data-id=\"4f08ff5b\" data-element_type=\"widget\" data-widget_type=\"heading.default\">\n<div class=\"elementor-widget-container\">\n<p class=\"elementor-heading-title elementor-size-default\">+1.000 P\u00c1GINAS DE VENDAS DE ALTA<br \/>\nCONVERS\u00c3O EDIT\u00c1VEIS<\/p>\n<\/div>\n<\/div>\n<div class=\"elementor-element elementor-element-560e999a elementor-widget elementor-widget-text-editor\" data-id=\"560e999a\" data-element_type=\"widget\" data-widget_type=\"text-editor.default\">\n<div class=\"elementor-widget-container\">\n<p>Use nossas p\u00e1ginas para infoprodutos, produtos f\u00edsicos, presta\u00e7\u00e3o de servi\u00e7os,<\/p>\n<p>ou utilize nossas p\u00e1ginas para vender como web-designer!<\/p>\n<p>Com nossas p\u00e1ginas, voc\u00ea consegue baixar os modelos que mais te interessa,<\/p>\n<p>adaptar para qualquer nicho, e p\u00fablicar em 5 minutos.<\/p>\n<\/div>\n<\/div>\n","protected":false},"featured_media":6643,"template":"","meta":{"_acf_changed":false,"_joinchat":[]},"product_brand":[],"product_cat":[244],"product_tag":[],"class_list":{"0":"post-5548","1":"product","2":"type-product","3":"status-publish","4":"has-post-thumbnail","6":"product_cat-produtos-digitais","8":"first","9":"instock","10":"sale","11":"downloadable","12":"virtual","13":"purchasable","14":"product-type-simple"},"acf":[],"jetpack_likes_enabled":true,"jetpack_sharing_enabled":true,"_links":{"self":[{"href":"https:\/\/clickscertos.com.br\/loja_online\/wp-json\/wp\/v2\/product\/5548","targetHints":{"allow":["GET"]}}],"collection":[{"href":"https:\/\/clickscertos.com.br\/loja_online\/wp-json\/wp\/v2\/product"}],"about":[{"href":"https:\/\/clickscertos.com.br\/loja_online\/wp-json\/wp\/v2\/types\/product"}],"wp:featuredmedia":[{"embeddable":true,"href":"https:\/\/clickscertos.com.br\/loja_online\/wp-json\/wp\/v2\/media\/6643"}],"wp:attachment":[{"href":"https:\/\/clickscertos.com.br\/loja_online\/wp-json\/wp\/v2\/media?parent=5548"}],"wp:term":[{"taxonomy":"product_brand","embeddable":true,"href":"https:\/\/clickscertos.com.br\/loja_online\/wp-json\/wp\/v2\/product_brand?post=5548"},{"taxonomy":"product_cat","embeddable":true,"href":"https:\/\/clickscertos.com.br\/loja_online\/wp-json\/wp\/v2\/product_cat?post=5548"},{"taxonomy":"product_tag","embeddable":true,"href":"https:\/\/clickscertos.com.br\/loja_online\/wp-json\/wp\/v2\/product_tag?post=5548"}],"curies":[{"name":"wp","href":"https:\/\/api.w.org\/{rel}","templated":true}]}}