{"id":150,"date":"2024-01-05T21:29:51","date_gmt":"2024-01-06T00:29:51","guid":{"rendered":"https:\/\/clickscertos.com.br\/loja_online\/?post_type=product&#038;p=150"},"modified":"2025-07-26T21:06:55","modified_gmt":"2025-07-27T00:06:55","slug":"006-script-sites-loja-online","status":"publish","type":"product","link":"https:\/\/clickscertos.com.br\/loja_online\/produto\/006-script-sites-loja-online\/","title":{"rendered":"006 -Script sites loja online"},"content":{"rendered":"<p>Script para WordPress de uma loja Online completa ja com todos os pugins pro necess\u00e1rios e com checkout de pagamentos e v\u00e1rios gateway de pagamento ja insteridos no sistema. basta instalar uma instancia WordPress, instalar o plugin necessario e importar os arquivo do site. Apos isso e so configura-lo.<\/p>\n<p>Amostra do site online.<br \/>\nhttps:\/\/clickscertos.com.br\/Loja_Online_Amostra\/<\/p>\n<p>&#8212;&#8212;&#8212;&#8212;&#8212;&#8212;&#8212;&#8212;&#8212;&#8212;&#8212;&#8212;&#8212;&#8212;&#8212;&#8212;&#8212;&#8212;&#8212;&#8212;<br \/>\n&#8212;&#8212;&#8212;&#8212;&#8212;&#8212;&#8212;&#8212;&#8212;&#8212;&#8212;&#8212;&#8212;&#8212;&#8212;&#8212;&#8212;&#8212;&#8212;&#8212;<\/p>\n<p>Valores:<\/p>\n<p>Plano 01<br \/>\nValor do site<br \/>\n199,85<br \/>\nEnvio do todos os arquivos e tutoriais de instala\u00e7\u00f5es<br \/>\nInstala\u00e7\u00f5es feias pelo cliente.<\/p>\n<p>&#8212;&#8212;&#8212;&#8212;&#8212;&#8212;&#8212;&#8212;&#8212;&#8212;&#8212;&#8212;&#8212;&#8212;&#8212;&#8212;&#8212;&#8212;&#8212;&#8212;<\/p>\n<p>Plano 02<br \/>\nValor do site<br \/>\n299,85<br \/>\nEnvio do todos os arquivos e tutoriais de instala\u00e7\u00f5es<br \/>\nInstala\u00e7\u00f5es feias por nossos t\u00e9cnicos. <\/p>\n<p>&#8212;&#8212;&#8212;&#8212;&#8212;&#8212;&#8212;&#8212;&#8212;&#8212;&#8212;&#8212;&#8212;&#8212;&#8212;&#8212;&#8212;&#8212;&#8212;&#8212;<br \/>\n\ud83d\udc69\u200d\ud83e\uddb0 Prezado cliente,  E GRAVADO EM VIDEO, todas as conversas no WhatsApp, todos os nossos atendimentos, instala\u00e7\u00f5es e qualquer tipo de servi\u00e7os prestados por nossa ag\u00eancia. Fazemos essas grava\u00e7\u00f5es justamente para evitar fraudes. O conte\u00fado gravado ficar\u00e1 dispon\u00edvel apenas para controle interno e N\u00c3O ESTAR\u00c1 DISPONIVEL PARA CLIENTES.<\/p>\n<p>Em caso de d\u00favidas, por favor, esclare\u00e7am com nossas atendentes.<\/p>\n","protected":false},"excerpt":{"rendered":"<p>Script para WordPress de uma loja Online completa ja com todos os pugins pro necess\u00e1rios e com checkout de pagamentos e v\u00e1rios gateway de pagamento ja insteridos no sistema. basta instalar uma instancia Wordpress, instalar o plugin necessario e importar os arquivo do site. Apos isso e so configura-lo.<\/p>\n<p>Amostra do site online.<br \/>\nhttps:\/\/clickscertos.com.br\/Loja_Online_Amostra\/<\/p>\n","protected":false},"featured_media":7422,"template":"","meta":{"_acf_changed":false,"_joinchat":[]},"product_brand":[],"product_cat":[244],"product_tag":[],"class_list":{"0":"post-150","1":"product","2":"type-product","3":"status-publish","4":"has-post-thumbnail","6":"product_cat-produtos-digitais","8":"first","9":"instock","10":"sale","11":"downloadable","12":"virtual","13":"purchasable","14":"product-type-simple"},"acf":[],"jetpack_likes_enabled":true,"jetpack_sharing_enabled":true,"_links":{"self":[{"href":"https:\/\/clickscertos.com.br\/loja_online\/wp-json\/wp\/v2\/product\/150","targetHints":{"allow":["GET"]}}],"collection":[{"href":"https:\/\/clickscertos.com.br\/loja_online\/wp-json\/wp\/v2\/product"}],"about":[{"href":"https:\/\/clickscertos.com.br\/loja_online\/wp-json\/wp\/v2\/types\/product"}],"wp:featuredmedia":[{"embeddable":true,"href":"https:\/\/clickscertos.com.br\/loja_online\/wp-json\/wp\/v2\/media\/7422"}],"wp:attachment":[{"href":"https:\/\/clickscertos.com.br\/loja_online\/wp-json\/wp\/v2\/media?parent=150"}],"wp:term":[{"taxonomy":"product_brand","embeddable":true,"href":"https:\/\/clickscertos.com.br\/loja_online\/wp-json\/wp\/v2\/product_brand?post=150"},{"taxonomy":"product_cat","embeddable":true,"href":"https:\/\/clickscertos.com.br\/loja_online\/wp-json\/wp\/v2\/product_cat?post=150"},{"taxonomy":"product_tag","embeddable":true,"href":"https:\/\/clickscertos.com.br\/loja_online\/wp-json\/wp\/v2\/product_tag?post=150"}],"curies":[{"name":"wp","href":"https:\/\/api.w.org\/{rel}","templated":true}]}}