{"id":148,"date":"2024-01-05T21:26:44","date_gmt":"2024-01-06T00:26:44","guid":{"rendered":"https:\/\/clickscertos.com.br\/loja_online\/?post_type=product&#038;p=148"},"modified":"2025-07-15T12:18:18","modified_gmt":"2025-07-15T15:18:18","slug":"017-mascotes-e-pets-dancantes","status":"publish","type":"product","link":"https:\/\/clickscertos.com.br\/loja_online\/produto\/017-mascotes-e-pets-dancantes\/","title":{"rendered":"017 -Mascotes e Pets dan\u00e7antes"},"content":{"rendered":"<p>Mascotes e Pets dan\u00e7antes<\/p>\n<p>\u2764\ufe0f\ud83d\ude0d\ud83d\udc69\u200d\ud83e\uddb0 Eles chegaram com tudo. Nossos mascotes dan\u00e7antes para anuncios e postagens super animados.<br \/>\nUse nossos mascotes dan\u00e7antes em seus videos para chamar a aten\u00e7\u00e3o de todos e engajar ainda mais as suas campanhas e divulga\u00e7\u00f5es.<br \/>\nSe voc\u00ea pretende captar a aten\u00e7\u00e3o do seu cliente enquanto ele rola o FEED, ent\u00e3o essa \u00e9 a mais nova solu\u00e7\u00e3o<\/p>\n<p>\u2705 + de 190 mascotes dan\u00e7antes<br \/>\n\u2705 + Brindes espetaculares.<\/p>\n<p>Pare imediatamente de perder a oportunidade de alcan\u00e7ar uma super audi\u00eancia engajada e super qualificada, por causa de anuncios que n\u00e3o chamam a aten\u00e7\u00e3o<br \/>\nde seus clientes!!<\/p>\n<p>O nosso super pacote de Pets Mascotes dan\u00e7antes \u00e9 a maior isca de clientes das redes sociais. Todos amam e adoram ver os PETS Mascotes dan\u00e7antes e super divertidos nos an\u00fancios.<\/p>\n<p>\ud83d\udc69\u200d\ud83e\uddb0\ud83d\ude0d Conhe\u00e7a hoje mesmo nosso incrivel patch de mascotes dan\u00e7antes, por um pre\u00e7o promocional super especial, que com certeza, ir\u00e1 chamar muita aten\u00e7\u00e3o em suas campanhas e divulga\u00e7\u00f5es.<\/p>\n<p>\u2764\ufe0f\u2764\ufe0f\u2764\ufe0f Brindes incriveis.<br \/>\n\u2705 12000 TEMPLATES PARA serem editados no CANVAS.<br \/>\n\u2705 Ainda levar\u00e1 de brinde 50 aulas para voce aprender a fazer anuncios no Facebook ADS.<br \/>\n\u2705 E mais, musicas dan\u00e7antes e divertidas que chamam ainda mais a aten\u00e7\u00e3o na suas campanhas e divulga\u00e7\u00f5es.<br \/>\n\u2705 E ainda mais de 900 vetores para dar um ar ainda mais divertido as suas postagens.<br \/>\n\u2705 Programa para criar e editar seus videos com os mascotes dan\u00e7antes.<\/p>\n<p>Isso tudo por um incrivel pre\u00e7o em super promo\u00e7\u00e3o.<\/p>\n<p>Valor de 99,85<br \/>\nPagamento unico<\/p>\n","protected":false},"excerpt":{"rendered":"<p>Mascotes e Pets dan\u00e7antes<\/p>\n<p>\u2764\ufe0f\ud83d\ude0d\ud83d\udc69\u200d\ud83e\uddb0 Eles chegaram com tudo. Nossos mascotes dan\u00e7antes para anuncios e postagens super animados.<br \/>\nUse nossos mascotes dan\u00e7antes em seus videos para chamar a aten\u00e7\u00e3o de todos e engajar ainda mais as suas campanhas e divulga\u00e7\u00f5es.<br \/>\nSe voc\u00ea pretende captar a aten\u00e7\u00e3o do seu cliente enquanto ele rola o FEED, ent\u00e3o essa \u00e9 a mais nova solu\u00e7\u00e3o<\/p>\n<p>\u2705 + de 190 mascotes dan\u00e7antes<br \/>\n\u2705 + Brindes espetaculares.<\/p>\n","protected":false},"featured_media":27,"template":"","meta":{"_acf_changed":false,"_joinchat":[]},"product_brand":[],"product_cat":[244],"product_tag":[],"class_list":{"0":"post-148","1":"product","2":"type-product","3":"status-publish","4":"has-post-thumbnail","6":"product_cat-produtos-digitais","8":"first","9":"instock","10":"sale","11":"downloadable","12":"virtual","13":"purchasable","14":"product-type-simple"},"acf":[],"jetpack_likes_enabled":true,"jetpack_sharing_enabled":true,"_links":{"self":[{"href":"https:\/\/clickscertos.com.br\/loja_online\/wp-json\/wp\/v2\/product\/148","targetHints":{"allow":["GET"]}}],"collection":[{"href":"https:\/\/clickscertos.com.br\/loja_online\/wp-json\/wp\/v2\/product"}],"about":[{"href":"https:\/\/clickscertos.com.br\/loja_online\/wp-json\/wp\/v2\/types\/product"}],"wp:featuredmedia":[{"embeddable":true,"href":"https:\/\/clickscertos.com.br\/loja_online\/wp-json\/wp\/v2\/media\/27"}],"wp:attachment":[{"href":"https:\/\/clickscertos.com.br\/loja_online\/wp-json\/wp\/v2\/media?parent=148"}],"wp:term":[{"taxonomy":"product_brand","embeddable":true,"href":"https:\/\/clickscertos.com.br\/loja_online\/wp-json\/wp\/v2\/product_brand?post=148"},{"taxonomy":"product_cat","embeddable":true,"href":"https:\/\/clickscertos.com.br\/loja_online\/wp-json\/wp\/v2\/product_cat?post=148"},{"taxonomy":"product_tag","embeddable":true,"href":"https:\/\/clickscertos.com.br\/loja_online\/wp-json\/wp\/v2\/product_tag?post=148"}],"curies":[{"name":"wp","href":"https:\/\/api.w.org\/{rel}","templated":true}]}}