{"id":146,"date":"2024-01-05T21:19:11","date_gmt":"2024-01-06T00:19:11","guid":{"rendered":"https:\/\/clickscertos.com.br\/loja_online\/?post_type=product&#038;p=146"},"modified":"2025-07-15T12:17:00","modified_gmt":"2025-07-15T15:17:00","slug":"013-wasender-disparos-em-massa-profissional","status":"publish","type":"product","link":"https:\/\/clickscertos.com.br\/loja_online\/produto\/013-wasender-disparos-em-massa-profissional\/","title":{"rendered":"013 -WaSender -Disparos em massa profissional-"},"content":{"rendered":"<p>WaSender -disparos em massa profissional -Sempre sendo atualizado-<\/p>\n<p>VIDEO DE APRESENTA\u00c7\u00c3O<br \/>\nhttps:\/\/clickscertos.com.br\/Review-Wasender<\/p>\n<p>&#8212;&#8212;&#8212;&#8212;&#8212;-<\/p>\n<p>Voc\u00ea vai receber todo o c\u00f3digo fonte do sistema com o gerador de chaves para revenda do WaSender. O pacote ser\u00e1 enviado ap\u00f3s confirma\u00e7\u00e3o da compra e d\u00e1 direito tamb\u00e9m \u00e0 atualiza\u00e7\u00f5es por 12 meses.<\/p>\n<p>\ud83e\udd16 Disparador Top de linha!<br \/>\nADQUIRA AGORA &#8211; PROMO\u00c7\u00c3O<\/p>\n<p>\ud83d\udd27 Corre\u00e7\u00f5es e Melhorias:<br \/>\n\u2705 Corre\u00e7\u00e3o na extra\u00e7\u00e3o de membros de grupos \ud83d\udc65<br \/>\n\u2705 Corre\u00e7\u00e3o ao obter lista de grupos \ud83d\udccb<\/p>\n<p>\u2728 Novidades:<br \/>\n\ud83d\udd25 Novo recurso: Aquecedor de N\u00fameros WhatsApp \ud83d\udcde\ud83d\udd25<br \/>\n\ud83d\udee1\ufe0f Recurso de Proxy habilitado \ud83c\udf0d\ud83d\udd12<br \/>\n\ud83d\udccd Agora voc\u00ea pode enviar:<\/p>\n<p>Localiza\u00e7\u00e3o \ud83d\udccd<br \/>\nContatos \ud83d\udcc7<br \/>\nArquivos .mp3 como grava\u00e7\u00e3o instant\u00e2nea \ud83c\udf99\ufe0f<br \/>\nImagens como adesivos \ud83d\uddbc\ufe0f<br \/>\nNotas de v\u00eddeo \ud83c\udfa5<br \/>\n\ud83d\udd04 Chrome Driver atualizado para melhor compatibilidade \ud83d\ude80<\/p>\n<p>\u2705Gerador Ilimitado de Licen\u00e7as<br \/>\n\u2705Envio de Contatos<br \/>\n\u2705Melhoria na Velocidade de Envio &#8211; Adicionado<br \/>\n\u2705Envio em Grupos<br \/>\n\u2705Bot de Resposta Autom\u00e1tica &#8211; Desempenho Aprimorado<br \/>\n\u2705Capturar Links de Grupos da Web &#8211; Adicionado<br \/>\n\u2705Vari\u00e1vel Nome &#8211; Adicionado<br \/>\n\u2705Spoiler (Leia Mais) &#8211; Adicionado<br \/>\n\u2705Envio de Contatos + Envio em Grupos &#8211; Adicionado<br \/>\n\u2705Exporta\u00e7\u00e3o de Lista de Grupos &#8211; Adicionado<br \/>\n\u2705Extrator do Google Maps<\/p>\n<p>97% dos compradores est\u00e3o tendo resultados<br \/>\nde forma imediata.<br \/>\nAgora o Wasender possui bot\u00e3o de gatilhos<br \/>\npara deixar sua mensagem mais profissional.<\/p>\n<p>Venha faturar com a gente \ud83d\ude0e<\/p>\n<p>\u200c\ud83c\udfaf Procurar contatos<br \/>\n\ud83c\udfaf Apresentar seu produto<br \/>\n\ud83c\udfaf Envie arquivos<br \/>\n\ud83c\udfaf Responder seus clientes no autom\u00e1tico.<br \/>\n\ud83c\udfaf Enviar mensagens em grupos no autom\u00e1tico.<br \/>\n\ud83c\udfaf Divulgar seus produtos no privado<br \/>\n\ud83c\udfaf Extrator de contatos do Google Maps<br \/>\n\ud83c\udfaf Resposta autom\u00e1tica<\/p>\n<p>\u2705 Cadatre varios chips<br \/>\n\u2705 Podera fazer rota\u00e7\u00e3o dos chips nos disparos para evitar bloqueios.<br \/>\n\u2705 Podera enviar link, arquivos de midia e audios nas mensagens.<\/p>\n<p>Pacote de produtos para voc\u00ea mesmo fazer a suas campanhas em grupos\/contatos\/leads\/numeros do WP.<\/p>\n<p>\ud83d\udc49 No kit esta incluido<br \/>\n&#8212;&#8212;&#8212;&#8212;&#8212;&#8211;<br \/>\n\ud83d\udc49 Postador autom\u00e1tico em grupos\/contatos\/leads\/numeros do WP.<br \/>\nWaSender \u00e9 um software Windows que roda no computador\/notebook, uma solu\u00e7\u00e3o para enviar em massa, mensagens para grupos\/contatos\/leads\/numeros do WP.<br \/>\n&#8212;&#8212;&#8212;&#8212;&#8212;&#8212;&#8212;&#8212;&#8212;&#8212;&#8212;&#8212;&#8212;&#8212;&#8212;&#8212;&#8212;&#8212;&#8212;&#8212;&#8212;&#8212;&#8212;&#8212;&#8212;&#8212;&#8212;&#8212;&#8212;&#8212;&#8212;&#8212;&#8212;&#8212;&#8212;&#8212;&#8211;<br \/>\nCaracter\u00edsticas do programa<\/p>\n<p>Poder\u00e1 cadastras varios chips<br \/>\nPoder\u00e1 fazer rota\u00e7\u00e3o dos chips cadastrados para evitar bloqueios.<br \/>\nMensagens ilimitadas em grupos\/contatos\/leads\/numeros do WP.<br \/>\nGerenciamento de atraso de mensagem<br \/>\nPegar links de grupo da web<br \/>\nObtenha o n\u00famero de todos os membros de qualquer grupo<br \/>\nDesign de material moderno<br \/>\nEstrutura de Codifica\u00e7\u00e3o Padr\u00e3o<br \/>\nImporta\u00e7\u00e3o em massa<br \/>\nExtrator \/ Scrapper de leads de dados do Google Maps<br \/>\nPodera extrair numeros, leads e contatos de uma certa regiao e\/ou algum tipo de produto ou servi\u00e7o como por exemplo, lanchonetes, super-mercados, dentistas e etc&#8230;<br \/>\nC\u00f3digo fonte<br \/>\nGerenciador de chaves de licen\u00e7a (para a fomra de compra vitalicia<br \/>\nRemetente de mensagens parametrizadas din\u00e2micas<br \/>\nVideo mostrando instala\u00e7\u00e3o e configura\u00e7\u00e3o do programa.<br \/>\nSistema Saas, alugue o seu painel para outros usuarios e cobre mensalidades.<\/p>\n<p>&#8212;&#8212;&#8212;&#8212;&#8212;&#8212;&#8212;&#8212;&#8212;&#8212;&#8212;&#8212;&#8212;&#8212;&#8212;&#8212;&#8212;&#8212;&#8212;&#8212;&#8212;&#8212;&#8212;&#8212;&#8212;&#8212;&#8212;&#8212;&#8212;&#8212;&#8212;&#8212;&#8212;&#8212;&#8212;&#8212;&#8211;<br \/>\n\u2705 Os grupos estao separados em ARQUIVOS de 200 GRUPOS CADA ARQUIVO. Use UM ARQUIVO DESSE por dia. Basta voc\u00ea copiar os 200 grupos que estao em um arquivo<br \/>\ne colar dentro do programa, ou clicar em ADD no programa para adicionar os grupos.<br \/>\n\u2705 Altamente recomendavel N\u00c3O USAR O SEU CHIP PESSOAL.MESMO COM A OTIMIZA\u00c7\u00c3O DO POSTADOR, PODE HAVER BLOQUEIO DO CHIP.<br \/>\n\u2705 Orientamos voce a adquirir um chip novo, ou comprar um chip virtual para fazer as suas campanhas.<br \/>\n\u2705 Chips virtuais s\u00e3o muito baratos, em torno de 5 reais.<br \/>\n\u2705 Na configura\u00e7\u00e3o do postador de grupo de WhatsApp, E ALTAMENTE RECOMENDAVEL COLOCAR O INTERVALO ENTRE AS POSTAGENS, DE 40 SEGUNDOS A 2 MINUTOS.<br \/>\n\u2705 Orientamos voce a adquirir um chip novo, ou comprar um chip virtual para fazer as suas campanhas.<br \/>\n&#8212;&#8212;&#8212;&#8212;&#8212;&#8212;&#8212;&#8212;&#8212;&#8212;&#8212;&#8212;&#8212;&#8212;&#8212;&#8212;&#8212;&#8212;&#8212;&#8212;&#8212;&#8212;&#8212;&#8212;&#8212;&#8212;&#8212;&#8212;&#8212;&#8212;&#8212;&#8212;&#8212;&#8212;&#8212;&#8212;&#8211;<br \/>\n&#8212;&#8212;&#8212;&#8212;&#8212;&#8212;&#8212;&#8212;&#8212;&#8212;&#8212;&#8212;&#8212;&#8212;&#8212;&#8212;&#8212;&#8212;&#8212;&#8212;&#8212;&#8212;&#8212;&#8212;&#8212;&#8212;&#8212;&#8212;&#8212;&#8212;&#8212;&#8212;&#8212;&#8212;&#8212;&#8212;&#8211;<br \/>\nBRINDES ENVIADOS<\/p>\n<p>\ud83d\udc49 10000 grupos de WP.<br \/>\n\u2705 Todos os grupos conferidos em funcionamento e aceitando membros novos.<br \/>\n\u2705 Os grupos estao separados em ARQUIVOS de 200 GRUPOS CADA ARQUIVO<br \/>\n&#8212;&#8212;&#8212;&#8212;&#8212;&#8211;<br \/>\n\ud83d\udc49 Postador autom\u00e1tico em grupos de FB.<br \/>\n\u2705 Uma sugestao e voc\u00ea entrar em grupos de classificados, que sao os grupos que mais captam clientes.<br \/>\n\u2705 E altamente recomendavel que voc\u00ea entre somente em 30 grupos por dia. Mais do que isso pode haver bloqueio da conta.<br \/>\n\u2705 Quando o postador e acionado, ele reconhece os grupos que voce faz parte. Apos o reconhecimentos do grupos, voc\u00ea pode fazer varias campanhas de varios<br \/>\nprodutos simultaneamente.<br \/>\n&#8212;&#8212;&#8212;&#8212;&#8212;&#8211;<br \/>\n\ud83d\udc49 360 BANNERS profissionais de Vendedor de tvs online que ajudam muito a converter em vendas as suas campanhas.<br \/>\n&#8212;&#8212;&#8212;&#8212;&#8212;&#8211;<br \/>\n\ud83d\udc49 60 videos profissionais de Vendedor de tvs online de alta qualidade que ajudam muito a converter em vendas as suas campanhas.<\/p>\n<p>\ud83d\udc47\ud83d\udc47\ud83d\udc47\ud83d\udc47<br \/>\n\ud83d\udc69\u200d\ud83e\uddb0 Nosso expediente e de segunda a sexta-feira, de 13 as 17 horas para atendimentos t\u00e9cnicos e suportes em geral.<br \/>\n\ud83d\udc69\u200d\ud83e\uddb0 Fora de nosso horario de expediente, apenas fazemos vendas e entregas de produtos.<br \/>\n\ud83d\udc69\u200d\ud83e\uddb0 Prezado cliente, caso haja alguma forma de desrespeito com as nossas atendentes e tecnicos, nos reservamos ao direito de bloquear o seu contato.<br \/>\n\ud83d\udc69\u200d\ud83e\uddb0 ATEN\u00c7\u00c3O&gt; Nosso atendimento primario e feito pelas nossas atendentes. OS ATENDIMENTOS COM OS TECNICOS S\u00c3O FEITOS SOMENTE POR AGENDAMENTO PR\u00c9VIO. O PRAZO MEDIO DE ATENDIMENTO DOS TECNICOS E DE 2 A 5 DIAS UTEIS.<\/p>\n<p>\ud83d\udc47\ud83d\udc47\ud83d\udc47\ud83d\udc47<br \/>\n\ud83d\udc69\u200d\ud83e\uddb0 ATEN\u00c7\u00c3O&gt; Caso algum de nossos clientes tente de qualquer forma, denegrir e\/ou tentar manchar a IMAGEM DA EMPRESA em nossas campanhas, redes sociais OU QUALQUER outro lugar,<br \/>\nnos reservamos ao direito de BLOQUEAR o SEU CONTATO em nosso whatsapp e ACIONAR O NOSSO DEPARTAMENTO JURIDICO PARA TOMAR AS DEVIDAS PROVIDENCIAS.<\/p>\n<p>\ud83d\udc49 Qualquer d\u00favida, por favor, nos mande mensagens.<\/p>\n<p>\ud83d\udc49\ud83d\udc49\ud83d\udc49\ud83d\udc49 ATEN\u00c7\u00c3O PREZADO(A) CLIENTE \ud83d\udc48\ud83d\udc48\ud83d\udc48\ud83d\udc48<br \/>\nN\u00f3s s\u00f3 enviamos os arquivos do produto ADQUIRIDO POR VOC\u00ca, SOMENTE UMA UNICA VEZ.<br \/>\nOs arquivos est\u00e3o compactados em formato RAR. Est\u00e3o com senha de acesso que ser\u00e1 enviado juntamente com o arquivo.<br \/>\nSugerimos que descompacte o arquivo IMEDIATAMENTE APOS VOC\u00ca TER FEITO O DOWNLOAD DO ARQUIVO.<br \/>\nCaso N\u00c2O consiga descompactar o arquivo, POR FAVOR, nos notifique IMEDIATAMENTE.<\/p>\n<p>\ud83d\udc49\ud83d\udc49 ATEN\u00c7\u00c3O:<br \/>\nACESSO AO ARQUIVO DE DOWNLOAD LIBERADO POR UMA HORA.<\/p>\n<p>\ud83d\udc49\ud83d\udc49\ud83d\udc49\ud83d\udc49 Por favor, fa\u00e7a imediatamente COPIAS de SEGURAN\u00c7A (BACKUP) dos arquivos recebidos. \ud83d\udc48\ud83d\udc48\ud83d\udc48\ud83d\udc48<\/p>\n<p>\ud83d\udc69\u200d\ud83e\uddb0 Qualquer duvida sobre algum produto, por favor, nos envie mensagens.<\/p>\n","protected":false},"excerpt":{"rendered":"<p>WaSender -disparos em massa profissional -Sempre sendo atualizado-<\/p>\n<p>VIDEO DE APRESENTA\u00c7\u00c3O<br \/>\nhttps:\/\/clickscertos.com.br\/Review-Wasender<\/p>\n<p>\ud83e\udd16 Disparador Top de linha!<br \/>\nADQUIRA AGORA &#8211; PROMO\u00c7\u00c3O<\/p>\n<p>\ud83d\udd27 Corre\u00e7\u00f5es e Melhorias:<br \/>\n\u2705 Corre\u00e7\u00e3o na extra\u00e7\u00e3o de membros de grupos \ud83d\udc65<br \/>\n\u2705 Corre\u00e7\u00e3o ao obter lista de grupos \ud83d\udccb<\/p>\n","protected":false},"featured_media":6843,"template":"","meta":{"_acf_changed":false,"_joinchat":[]},"product_brand":[],"product_cat":[244],"product_tag":[],"class_list":{"0":"post-146","1":"product","2":"type-product","3":"status-publish","4":"has-post-thumbnail","6":"product_cat-produtos-digitais","8":"first","9":"instock","10":"sale","11":"downloadable","12":"virtual","13":"purchasable","14":"product-type-simple"},"acf":[],"jetpack_likes_enabled":true,"jetpack_sharing_enabled":true,"_links":{"self":[{"href":"https:\/\/clickscertos.com.br\/loja_online\/wp-json\/wp\/v2\/product\/146","targetHints":{"allow":["GET"]}}],"collection":[{"href":"https:\/\/clickscertos.com.br\/loja_online\/wp-json\/wp\/v2\/product"}],"about":[{"href":"https:\/\/clickscertos.com.br\/loja_online\/wp-json\/wp\/v2\/types\/product"}],"wp:featuredmedia":[{"embeddable":true,"href":"https:\/\/clickscertos.com.br\/loja_online\/wp-json\/wp\/v2\/media\/6843"}],"wp:attachment":[{"href":"https:\/\/clickscertos.com.br\/loja_online\/wp-json\/wp\/v2\/media?parent=146"}],"wp:term":[{"taxonomy":"product_brand","embeddable":true,"href":"https:\/\/clickscertos.com.br\/loja_online\/wp-json\/wp\/v2\/product_brand?post=146"},{"taxonomy":"product_cat","embeddable":true,"href":"https:\/\/clickscertos.com.br\/loja_online\/wp-json\/wp\/v2\/product_cat?post=146"},{"taxonomy":"product_tag","embeddable":true,"href":"https:\/\/clickscertos.com.br\/loja_online\/wp-json\/wp\/v2\/product_tag?post=146"}],"curies":[{"name":"wp","href":"https:\/\/api.w.org\/{rel}","templated":true}]}}