{"id":143,"date":"2024-01-05T21:07:50","date_gmt":"2024-01-06T00:07:50","guid":{"rendered":"https:\/\/clickscertos.com.br\/loja_online\/?post_type=product&#038;p=143"},"modified":"2025-06-07T23:22:32","modified_gmt":"2025-06-08T02:22:32","slug":"007-campanhas-ads","status":"publish","type":"product","link":"https:\/\/clickscertos.com.br\/loja_online\/produto\/007-campanhas-ads\/","title":{"rendered":"007 -Campanhas Ads"},"content":{"rendered":"<p>Tr\u00e1fego Pago &#8211; Campanhas e divulga\u00e7\u00f5es em redes sociais<\/p>\n<p>\ud83d\udc49\ud83d\udc49 Campanhas, divulga\u00e7\u00f5es e tr\u00e1fego pago.\ud83d\udc48\ud83d\udc48<\/p>\n<p>\ud83d\udc49 Prezado Sr(a) cliente. Leia abaixo a descri\u00e7\u00e3o completa \ud83d\udc48<\/p>\n<p>\ud83d\udc49\ud83d\udc49 Campanhas feitas no Facebook, Instagram &amp; MarketPlace.\ud83d\udc48\ud83d\udc48<\/p>\n<p>\ud83d\udc49\ud83d\udc49 Interessante para voc\u00ea.<br \/>\nEu gostaria de falar hoje sobre como o tr\u00e1fego pago pode ajudar a aumentar suas visitas e, consequentemente, suas vendas.<\/p>\n<p>Se voc\u00ea est\u00e1 buscando um meio eficaz e r\u00e1pido de aumentar as visitas em seu site, ou no seu aplicativo de mensagens, o tr\u00e1fego pago \u00e9 a escolha certa. Ele funciona atrav\u00e9s de an\u00fancios em varias plataformas, onde seus an\u00fancios s\u00e3o exibidos para um p\u00fablico-alvo espec\u00edfico. Isso significa que voc\u00ea pode selecionar as palavras-chave, localiza\u00e7\u00e3o, idade e interesses das pessoas que voc\u00ea deseja atingir.<\/p>\n<p>N\u00f3s oferecemos pacotes de tr\u00e1fego pago personalizados para atender \u00e0s necessidades de cada cliente. N\u00f3s ajudamos a criar an\u00fancios atraentes e otimiz\u00e1-los para garantir um alto desempenho. Al\u00e9m disso, monitoramos e analisamos continuamente os resultados para garantir que voc\u00ea esteja obtendo o melhor retorno sobre seu investimento.<\/p>\n<p>Estamos ansiosos para trabalhar com voc\u00ea e ajudar a alcan\u00e7ar seus objetivos de neg\u00f3cios.<\/p>\n<p>PRE\u00c7OS DOS PLANOS:<br \/>\n&#8212;&#8212;&#8212;&#8212;&#8212;-<br \/>\n\ud83d\udc49 Plano 01<br \/>\n\u2705 299,85 reais.<br \/>\n\u2705 10 dias de campanha.<br \/>\n\u2705 Alcance medio ESTIMADO: 30000 pessoas.<br \/>\n&#8212;&#8212;&#8212;&#8212;&#8212;-<br \/>\n\ud83d\udc49 Plano 02<br \/>\n\u2705 379,85 reais.<br \/>\n\u2705 15 dias de campanha.<br \/>\n\u2705 Alcance medio ESTIMADO: 50000 pessoas.<br \/>\n&#8212;&#8212;&#8212;&#8212;&#8212;-<br \/>\n\ud83d\udc49 Plano 03<br \/>\n\u2705 629,85 reais.<br \/>\n\u2705 30 dias de campanha.<br \/>\n\u2705 Alcance medio ESTIMADO: 120000 pessoas.<br \/>\n&#8212;&#8212;&#8212;&#8212;&#8212;-<br \/>\n\ud83d\udc49 Plano 04<br \/>\n\u2705 909,85 reais.<br \/>\n\u2705 60 dias de campanha.<br \/>\n\u2705 Alcance medio ESTIMADO: 260000 pessoas.<br \/>\n&#8212;&#8212;&#8212;&#8212;&#8212;-<br \/>\n\ud83d\udc49 Plano 05<br \/>\n\u2705 2229,85 reais.<br \/>\n\u2705 6 meses de campanha.<br \/>\n\u2705 Alcance medio ESTIMADO: 1.200.000 pessoas.<br \/>\n&#8212;&#8212;&#8212;&#8212;&#8212;-<br \/>\n&#8212;&#8212;&#8212;&#8212;&#8212;-<br \/>\n&#8212;&#8212;&#8212;&#8212;&#8212;-<br \/>\n\ud83d\udc49 Nos pre\u00e7os acima, j\u00e1 est\u00e1 incluido&#8230;<br \/>\n\u2705 O valor de nossos servi\u00e7os.<br \/>\n\u2705 O valor que vai ser colocado diretamente na campanha.<br \/>\n&#8212;&#8212;&#8212;&#8212;&#8212;&#8212;&#8212;&#8212;&#8212;&#8212;&#8211;<br \/>\n\ud83d\udc49 Aceitamos pagamento por PIX<\/p>\n<p>&#8212;&#8212;&#8212;&#8212;&#8212;&#8212;&#8212;&#8212;&#8212;&#8212;&#8211;<br \/>\n\ud83d\udc49 Importante saber \ud83d\udc48<br \/>\n\u2705 Colocamos um banner, descri\u00e7\u00f5es e links na sua campanha.<br \/>\n\u2705 Seu cliente ir\u00e1 diretamente para o seu WhatsApp ou site.<br \/>\n\u2705 O facebook pode demorar at\u00e9 48 horas para aprovar a sua campanha,<br \/>\nquase sempre e bem antes desse prazo. Assim que aprovar lhe mandamos o link de sua campanha.<br \/>\n\u2705 Encontramos as metricas e p\u00fablicos necess\u00e1rios<br \/>\npara escalar o seu neg\u00f3cio com M\u00c1XIMA velocidade.<br \/>\n&#8212;&#8212;&#8212;&#8212;&#8212;&#8212;&#8212;&#8212;&#8212;&#8212;&#8211;<br \/>\n\ud83d\udc49 Qualquer d\u00favida, por favor, nos mande mensagens. Estamos sempre a sua disposi\u00e7\u00e3o.<br \/>\n&#8212;&#8212;&#8212;&#8212;&#8212;&#8212;&#8212;&#8212;&#8212;&#8212;&#8211;<br \/>\n&#8212;&#8212;&#8212;&#8212;&#8212;&#8212;&#8212;&#8212;&#8212;&#8212;&#8211;<br \/>\n\ud83d\udc49 DESCRI\u00c7\u00c3O<br \/>\n&#8212;&#8212;&#8212;&#8212;&#8212;&#8212;&#8212;&#8212;&#8212;&#8212;&#8212;&#8212;&#8212;&#8212;&#8212;&#8212;&#8212;&#8212;&#8212;&#8212;&#8212;&#8212;&#8212;&#8212;&#8212;&#8212;&#8212;&#8212;&#8212;&#8212;&#8212;-<br \/>\n\ud83d\udc49 Como nos fazemos a suas campanhas.\ud83d\udc47<br \/>\n\u2705 Prezado cliente, Por favor, leia abaixo o modo de como nos fazemos as suas campanhas.\ud83d\udc47<br \/>\n\u2705 N\u00f3s n\u00e3o usamos nenhuma rede social de nossos clientes.<br \/>\n\u2705 Por raz\u00f5es de seguran\u00e7a de nossos proprios cliente, a ag\u00eancia PowerTech usa a propria estrutura para<br \/>\nfazer as campanhas.<br \/>\n\u2705 A nossa equipe cria a sua campanha em um &#8220;SISTEMA&#8221; que chamamos de Facebook ADS. Dentro desse &#8220;SISTEMA&#8221; tem o gerenciador de an\u00fancios. O gerenciador de an\u00fancio e que &#8220;envia&#8221; (distribui) a sua campanha DIRETAMENTE para o &#8220;FEED&#8221; das redes sociais dos usu\u00e1rios. Ele distribui a campanha de acordo com o valor colocado na configura\u00e7\u00e3o da campanha e na configura\u00e7\u00e3o de publico. Como a equipe aqui da ag\u00eancia j\u00e1 tem muita experiencia, eles conseguem fazer uma m\u00e9trica \u00f3tima para as campanhas, alcan\u00e7ando o maior numero poss\u00edvel de clientes.<\/p>\n<p>&#8212;&#8212;&#8212;&#8212;&#8212;&#8212;&#8212;&#8212;&#8212;&#8212;-<br \/>\n\ud83d\udc49 \u00c9 importante voc\u00ea saber \ud83d\udc48<br \/>\n\u2705 Assim que o Facebook ADS aprovar a SUA campanha, n\u00f3s mandamos um link para voc\u00ea fazer o acompanhamento da sua campanha.<br \/>\n\u2705 Voc\u00ea clicando nesse link que nos enviamos, abrir\u00e1 uma pagina contendo um &#8220;BOT\u00c3O&#8221; chamado &#8220;Mostrar anuncio&#8221;<br \/>\n\u2705 Apos voc\u00ea apertar o bot\u00e3o &#8220;Mostrar anuncio&#8221;, o seu anuncio ir\u00e1 aparecer NO SEU &#8220;FEED&#8221; DO FACEBOOK.<br \/>\n\u2705 Voc\u00ea precisar\u00e1 estar logado no seu facebook para voc\u00ea poder &#8220;VER&#8221; A SUA CAMPANHA.<br \/>\n\u2705 voc\u00ea tambem poder\u00e1 responder as d\u00favidas dos usu\u00e1rios DE DENTRO DE SUA CAMPANHA.<br \/>\n\u2705 Ao final da campanha, n\u00f3s mandamos um &#8220;print&#8221; do &#8220;INSIGHT&#8221; com os detalhe e DADOS da campanha.<br \/>\n\u2705 Nesse &#8220;print&#8221; vai est\u00e1 as informa\u00e7\u00f5es de quantos cliques, likes e coment\u00e1rios teve a campanha,<br \/>\no alcance, as localidades que teve mais cliques e outras informa\u00e7\u00f5es.<br \/>\n\u2705 Lembrando que o facebook demora at\u00e9 48 horas para aprovar as campanhas.<br \/>\n\u2705 Qualquer d\u00favida que voc\u00ea possa a ter, por favor, nos mande mensagem,<br \/>\nque estamos dispon\u00edveis nos hor\u00e1rios de 9 as 21 horas de segunda a sabado.<br \/>\n\u2705 Se voc\u00ea N\u00c3O tiver um Banner, nos fazemos por 30 reais.<br \/>\n\u2705 Se voc\u00ea N\u00c3O tiver um Site, nos tamb\u00e9m construimos sites.<br \/>\n\u2705 Caso tenha alguma d\u00favida, por favor, nos mande mensagens.<br \/>\n\u2705 A melhor e mais eficiente forma de voc\u00ea divulgar o seu produto ou servi\u00e7o.<br \/>\n\u2705 ATEN\u00c7\u00c3O: Temos banners e videos para campanhas de IPTV e qualquer<br \/>\noutro segmento.<br \/>\n&#8212;&#8212;&#8212;&#8212;&#8212;&#8212;&#8212;&#8212;&#8212;&#8212;&#8211;<\/p>\n<p>\ud83d\udc49 Vamos come\u00e7ar a criar a sua campanha..\ud83d\udc47<\/p>\n<p>\ud83d\udc49 O que nos precisamos para fazer a sua campanha?<\/p>\n<p>\ud83d\udc49 Por favor, fa\u00e7a os procedimentos abaixo:\ud83d\udc47<br \/>\n\ud83d\udc47<br \/>\n\u2705 1-Escolha o plano que mais lhe conv\u00e9m.<br \/>\n\u2705 2-Por favor, fa\u00e7a o pagamento do plano escolhido.<br \/>\n\u2705 3-Nos envie o comprovante de pagamento.<\/p>\n<p>\ud83d\udc49 Ap\u00f3s fazer os procedimentos acima, por favor, nos envie os seguintes dados abaixo.<br \/>\n\u2705 1-Um banner ou video promocional.(caso n\u00e3o tenha, nos fazemos a parte)<br \/>\n\u2705 2-Uma descri\u00e7\u00e3o que aparecer\u00e1 na campanha<br \/>\n\u2705 3-O numero de WhatsApp ou um endere\u00e7o de algum site.<br \/>\n\u2705 Lembrando que o facebook demora at\u00e9 48 horas para aprovar as campanhas.<\/p>\n<p>\ud83d\udc47\ud83d\udc47\ud83d\udc47\ud83d\udc47<br \/>\n\ud83d\udc69\u200d\ud83e\uddb0 Nosso expediente e de segunda a sexta-feira, de 13 as 17 horas para atendimentos t\u00e9cnicos e suportes em geral.<br \/>\n\ud83d\udc69\u200d\ud83e\uddb0 Fora de nosso horario de expediente, apenas fazemos vendas e entregas de produtos.<br \/>\n\ud83d\udc69\u200d\ud83e\uddb0 Prezado cliente, caso haja alguma forma de desrespeito com as nossas atendentes e tecnicos, nos reservamos ao direito de bloquear o seu contato.<br \/>\n\ud83d\udc69\u200d\ud83e\uddb0 ATEN\u00c7\u00c3O&gt; Nosso atendimento primario e feito pelas nossas atendentes. OS ATENDIMENTOS COM OS TECNICOS S\u00c3O FEITOS SOMENTE POR AGENDAMENTO PR\u00c9VIO. O PRAZO MEDIO DE ATENDIMENTO DOS TECNICOS E DE 2 A 5 DIAS UTEIS.<\/p>\n<p>\ud83d\udc47\ud83d\udc47\ud83d\udc47\ud83d\udc47<br \/>\n\ud83d\udc69\u200d\ud83e\uddb0 ATEN\u00c7\u00c3O&gt; Caso algum de nossos clientes tente de qualquer forma, denegrir e\/ou tentar manchar a IMAGEM DA EMPRESA em nossas campanhas, redes sociais OU QUALQUER outro lugar,<br \/>\nnos reservamos ao direito de BLOQUEAR o SEU CONTATO em nosso whatsapp e ACIONAR O NOSSO DEPARTAMENTO JURIDICO PARA TOMAR AS DEVIDAS PROVIDENCIAS.<\/p>\n<p>\ud83d\udc49 Qualquer d\u00favida, por favor, nos mande mensagens.<\/p>\n","protected":false},"excerpt":{"rendered":"<p>Tr\u00e1fego Pago &#8211; Campanhas e divulga\u00e7\u00f5es em redes sociais<\/p>\n<p>\ud83d\udc49\ud83d\udc49 Campanhas, divulga\u00e7\u00f5es e tr\u00e1fego pago.\ud83d\udc48\ud83d\udc48<\/p>\n<p>\ud83d\udc49 Prezado Sr(a) cliente. Leia abaixo a descri\u00e7\u00e3o completa \ud83d\udc48<\/p>\n<p>\ud83d\udc49\ud83d\udc49 Campanhas feitas no Facebook, Instagram &amp; MarketPlace.\ud83d\udc48\ud83d\udc48<\/p>\n","protected":false},"featured_media":22,"template":"","meta":{"_acf_changed":false,"_joinchat":[]},"product_brand":[],"product_cat":[244],"product_tag":[],"class_list":{"0":"post-143","1":"product","2":"type-product","3":"status-publish","4":"has-post-thumbnail","6":"product_cat-produtos-digitais","8":"first","9":"instock","10":"sale","11":"downloadable","12":"virtual","13":"purchasable","14":"product-type-simple"},"acf":[],"jetpack_likes_enabled":true,"jetpack_sharing_enabled":true,"_links":{"self":[{"href":"https:\/\/clickscertos.com.br\/loja_online\/wp-json\/wp\/v2\/product\/143","targetHints":{"allow":["GET"]}}],"collection":[{"href":"https:\/\/clickscertos.com.br\/loja_online\/wp-json\/wp\/v2\/product"}],"about":[{"href":"https:\/\/clickscertos.com.br\/loja_online\/wp-json\/wp\/v2\/types\/product"}],"wp:featuredmedia":[{"embeddable":true,"href":"https:\/\/clickscertos.com.br\/loja_online\/wp-json\/wp\/v2\/media\/22"}],"wp:attachment":[{"href":"https:\/\/clickscertos.com.br\/loja_online\/wp-json\/wp\/v2\/media?parent=143"}],"wp:term":[{"taxonomy":"product_brand","embeddable":true,"href":"https:\/\/clickscertos.com.br\/loja_online\/wp-json\/wp\/v2\/product_brand?post=143"},{"taxonomy":"product_cat","embeddable":true,"href":"https:\/\/clickscertos.com.br\/loja_online\/wp-json\/wp\/v2\/product_cat?post=143"},{"taxonomy":"product_tag","embeddable":true,"href":"https:\/\/clickscertos.com.br\/loja_online\/wp-json\/wp\/v2\/product_tag?post=143"}],"curies":[{"name":"wp","href":"https:\/\/api.w.org\/{rel}","templated":true}]}}