{"id":3854,"date":"2016-02-16T11:41:47","date_gmt":"2016-02-16T11:41:47","guid":{"rendered":"https:\/\/electro.madrasthemes.com\/my-account\/"},"modified":"2024-01-08T22:25:36","modified_gmt":"2024-01-09T01:25:36","slug":"minha-conta","status":"publish","type":"page","link":"https:\/\/clickscertos.com.br\/loja_online\/minha-conta\/","title":{"rendered":"Minha Conta"},"content":{"rendered":"\t\t<div data-elementor-type=\"wp-page\" data-elementor-id=\"3854\" class=\"elementor elementor-3854\" data-elementor-post-type=\"page\">\n\t\t\t\t<div data-particle_enable=\"false\" data-particle-mobile-disabled=\"false\" class=\"elementor-element elementor-element-669f6872 e-flex e-con-boxed e-con e-parent\" data-id=\"669f6872\" data-element_type=\"container\">\n\t\t\t\t\t<div class=\"e-con-inner\">\n\t\t\t\t<div class=\"elementor-element elementor-element-14b120f elementor-widget elementor-widget-html\" data-id=\"14b120f\" data-element_type=\"widget\" data-widget_type=\"html.default\">\n\t\t\t\t<div class=\"elementor-widget-container\">\n\t\t\t\t\t<style>\r\n\/*Remove os Pontos do Menu*\/\r\nol{\r\n    list-style-type: none !important;\r\n}\r\nul{\r\n    list-style-type: none !important;\r\n    padding: 0px !important;\r\n}\r\np{\r\n    color: #292929 !important;\r\n}\r\ndd, dl, dt, li, ol, ul{\r\n    line-height: 3;\r\n}\r\n\/*Adiciona dist\u00e2ncia dos itens da margem*\/\r\n    .woocommerce-MyAccount-navigation-link{\r\n        background-color: #FFF;\r\n        padding-top: 5px;\r\n        padding-bottom: 5px;\r\n        padding-left: 20px;\r\n        padding-right: 20px;\r\n        border-radius: 10px;\r\n        margin-bottom: 10px;\r\n    }\r\n\/*Estilo dos itens do menu*\/\r\n    .woocommerce-MyAccount-navigation-link:hover{\r\n        background-image: linear-gradient(to right,#ededed,#FFF);\r\n    }\r\n    .woocommerce-MyAccount-navigation-link.is-active{\r\n        background-image: linear-gradient(to right,#ededed,#FFF);\r\n    }\r\n    .woocommerce-account .woocommerce-MyAccount-navigationr{\r\n        line-height: 3 !important;\r\n    }\r\n    .woocommerce-MyAccount-content{\r\n        padding: 30px;\r\n    }\r\n    \r\n\/*Cor dos bot\u00f5es*\/\r\n    \r\n    .button{\r\n        background-color: #4287f5 !important;\r\n        color: white !important;\r\n    }\r\n\/*Removendo os cliques nos produtos*\/\r\n    .download-product{\r\n        pointer-events: none;\r\n    }\r\n    .product-name{\r\n        pointer-events: none;\r\n    }\r\n\/*Ocultar Menu de Endere\u00e7o*\/\r\n    .woocommerce-MyAccount-navigation-link.woocommerce-MyAccount-navigation-link--edit-address{\r\n        display: none;\r\n    }\r\n<\/style>\t\t\t\t<\/div>\n\t\t\t\t<\/div>\n\t\t\t\t<div class=\"elementor-element elementor-element-6deda305 elementor-widget elementor-widget-shortcode\" data-id=\"6deda305\" data-element_type=\"widget\" data-widget_type=\"shortcode.default\">\n\t\t\t\t<div class=\"elementor-widget-container\">\n\t\t\t\t\t\t\t<div class=\"elementor-shortcode\"><div class=\"woocommerce\">\t\t<div class=\"customer-login-form\">\n\t\t<span class=\"or-text\">ou<\/span><div class=\"woocommerce-notices-wrapper\"><\/div>\n\n<div class=\"u-columns col2-set\" id=\"customer_login\">\n\n\t<div class=\"u-column1 col-1\">\n\n\n\t\t<h2>Entrar<\/h2>\n\n\t\t<form class=\"woocommerce-form woocommerce-form-login login\" method=\"post\" novalidate>\n\n\t\t\t\t\t<p class=\"before-login-text\">\n\t\t\tBem vindo de volta! Fa\u00e7a login em sua conta.\t\t<\/p>\n\t\t\t<p class=\"woocommerce-form-row woocommerce-form-row--wide form-row form-row-wide\">\n\t\t\t\t<label for=\"username\">Nome de usu\u00e1rio ou e-mail&nbsp;<span class=\"required\" aria-hidden=\"true\">*<\/span><span class=\"screen-reader-text\">Obrigat\u00f3rio<\/span><\/label>\n\t\t\t\t<input type=\"text\" class=\"woocommerce-Input woocommerce-Input--text input-text\" name=\"username\" id=\"username\" autocomplete=\"username\" value=\"\" required aria-required=\"true\" \/>\t\t\t<\/p>\n\t\t\t<p class=\"woocommerce-form-row woocommerce-form-row--wide form-row form-row-wide\">\n\t\t\t\t<label for=\"password\">Senha&nbsp;<span class=\"required\" aria-hidden=\"true\">*<\/span><span class=\"screen-reader-text\">Obrigat\u00f3rio<\/span><\/label>\n\t\t\t\t<input class=\"woocommerce-Input woocommerce-Input--text input-text\" type=\"password\" name=\"password\" id=\"password\" autocomplete=\"current-password\" required aria-required=\"true\" \/>\n\t\t\t<\/p>\n\n\t\t\t<p class=\"aiowps-captcha hide-when-displaying-tfa-input\"><label for=\"aiowps-captcha-answer\">Favor digite a resposta em d\u00edgitos:<\/label><div class=\"aiowps-captcha-equation hide-when-displaying-tfa-input\"><strong>dois &#43; 10 = <input type=\"hidden\" name=\"aiowps-captcha-string-info\" class=\"aiowps-captcha-string-info\" value=\"mq9wq7y1dx\" \/><input type=\"hidden\" name=\"aiowps-captcha-temp-string\" class=\"aiowps-captcha-temp-string\" value=\"1778848239\" \/><input type=\"text\" size=\"2\" class=\"aiowps-captcha-answer\" name=\"aiowps-captcha-answer\" value=\"\" autocomplete=\"off\" \/><\/strong><\/div>\n\t\t\t<p class=\"form-row\">\n\t\t\t\t<label class=\"woocommerce-form__label woocommerce-form__label-for-checkbox woocommerce-form-login__rememberme\">\n\t\t\t\t\t<input class=\"woocommerce-form__input woocommerce-form__input-checkbox\" name=\"rememberme\" type=\"checkbox\" id=\"rememberme\" value=\"forever\" \/> <span>Lembre-me<\/span>\n\t\t\t\t<\/label>\n\t\t\t\t<input type=\"hidden\" id=\"woocommerce-login-nonce\" name=\"woocommerce-login-nonce\" value=\"08e0de2b86\" \/><input type=\"hidden\" name=\"_wp_http_referer\" value=\"\/loja_online\/wp-json\/wp\/v2\/pages\/3854\" \/>\t\t\t\t<button type=\"submit\" class=\"woocommerce-button button woocommerce-form-login__submit\" name=\"login\" value=\"Acessar\">Acessar<\/button>\n\t\t\t<\/p>\n\t\t\t<p class=\"woocommerce-LostPassword lost_password\">\n\t\t\t\t<a href=\"https:\/\/clickscertos.com.br\/loja_online\/minha-conta\/lost-password\/\">Perdeu sua senha?<\/a>\n\t\t\t<\/p>\n\n\t\t\t\n\t\t<\/form>\n\n\n\t<\/div>\n\n\t<div class=\"u-column2 col-2\">\n\n\t\t<h2>Cadastre-se<\/h2>\n\n\t\t<form method=\"post\" class=\"woocommerce-form woocommerce-form-register register\"  >\n\n\t\t\t<p class=\"before-register-text\">\n\t\t\tCrie uma nova conta hoje para colher os benef\u00edcios de uma experi\u00eancia de compra personalizada.\t\t<\/p>\n\t\t\t\n\t\t\t\t<p class=\"woocommerce-form-row woocommerce-form-row--wide form-row form-row-wide\">\n\t\t\t\t\t<label for=\"reg_username\">Nome de usu\u00e1rio&nbsp;<span class=\"required\" aria-hidden=\"true\">*<\/span><span class=\"screen-reader-text\">Obrigat\u00f3rio<\/span><\/label>\n\t\t\t\t\t<input type=\"text\" class=\"woocommerce-Input woocommerce-Input--text input-text\" name=\"username\" id=\"reg_username\" autocomplete=\"username\" value=\"\" required aria-required=\"true\" \/>\t\t\t\t<\/p>\n\n\t\t\t\n\t\t\t<p class=\"woocommerce-form-row woocommerce-form-row--wide form-row form-row-wide\">\n\t\t\t\t<label for=\"reg_email\">Endere\u00e7o de e-mail&nbsp;<span class=\"required\" aria-hidden=\"true\">*<\/span><span class=\"screen-reader-text\">Obrigat\u00f3rio<\/span><\/label>\n\t\t\t\t<input type=\"email\" class=\"woocommerce-Input woocommerce-Input--text input-text\" name=\"email\" id=\"reg_email\" autocomplete=\"email\" value=\"\" required aria-required=\"true\" \/>\t\t\t<\/p>\n\n\t\t\t\n\t\t\t\t<p class=\"woocommerce-form-row woocommerce-form-row--wide form-row form-row-wide\">\n\t\t\t\t\t<label for=\"reg_password\">Senha&nbsp;<span class=\"required\" aria-hidden=\"true\">*<\/span><span class=\"screen-reader-text\">Obrigat\u00f3rio<\/span><\/label>\n\t\t\t\t\t<input type=\"password\" class=\"woocommerce-Input woocommerce-Input--text input-text\" name=\"password\" id=\"reg_password\" autocomplete=\"new-password\" required aria-required=\"true\" \/>\n\t\t\t\t<\/p>\n\n\t\t\t\n\t\t\t<p class=\"aiowps-captcha hide-when-displaying-tfa-input\"><label for=\"aiowps-captcha-answer\">Favor digite a resposta em d\u00edgitos:<\/label><div class=\"aiowps-captcha-equation hide-when-displaying-tfa-input\"><strong>14 &#43; oito = <input type=\"hidden\" name=\"aiowps-captcha-string-info\" class=\"aiowps-captcha-string-info\" value=\"563jccs3dj\" \/><input type=\"hidden\" name=\"aiowps-captcha-temp-string\" class=\"aiowps-captcha-temp-string\" value=\"1778848239\" \/><input type=\"text\" size=\"2\" class=\"aiowps-captcha-answer\" name=\"aiowps-captcha-answer\" value=\"\" autocomplete=\"off\" \/><\/strong><\/div><wc-order-attribution-inputs><\/wc-order-attribution-inputs><div class=\"woocommerce-privacy-policy-text\"><\/div>\n\t\t\t<p class=\"woocommerce-form-row form-row\">\n\t\t\t\t<input type=\"hidden\" id=\"woocommerce-register-nonce\" name=\"woocommerce-register-nonce\" value=\"4186e45bd2\" \/><input type=\"hidden\" name=\"_wp_http_referer\" value=\"\/loja_online\/wp-json\/wp\/v2\/pages\/3854\" \/>\t\t\t\t<button type=\"submit\" class=\"woocommerce-Button woocommerce-button button woocommerce-form-register__submit\" name=\"register\" value=\"Cadastre-se\">Cadastre-se<\/button>\n\t\t\t<\/p>\n\n\t\t\t<div class=\"register-benefits\">\n\t\t\t<h3>Inscreva-se hoje e voc\u00ea ser\u00e1 capaz de comprar coisas maravilhosas<\/h3>\t\t\t<ul>\n\t\t\t\t\t\t\t\t<li>Acelere seu processo de finaliza\u00e7\u00e3o da compra<\/li>\n\t\t\t\t\t\t\t\t<li>Rastreie seus pedidos facilmente<\/li>\n\t\t\t\t\t\t\t\t<li>Mantenha um registro de todas as suas compras<\/li>\n\t\t\t\t\t\t\t<\/ul>\n\t\t<\/div>\n\t\t<\/form>\n\n\t<\/div>\n\n<\/div>\n\n\t\t<\/div><!-- \/.customer-login-form -->\n\t\t<\/div><\/div>\n\t\t\t\t\t\t<\/div>\n\t\t\t\t<\/div>\n\t\t\t\t\t<\/div>\n\t\t\t\t<\/div>\n\t\t\t\t<\/div>\n\t\t","protected":false},"excerpt":{"rendered":"ou Entrar Bem vindo de volta! Fa\u00e7a login em sua conta. Nome de usu\u00e1rio ou e-mail&nbsp;*Obrigat\u00f3rio Senha&nbsp;*Obrigat\u00f3rio Favor digite a resposta em d\u00edgitos:1 &#215; cinco = Lembre-me Acessar Perdeu sua","protected":false},"author":20,"featured_media":0,"parent":0,"menu_order":0,"comment_status":"closed","ping_status":"closed","template":"","meta":{"_acf_changed":false,"_joinchat":[],"footnotes":""},"class_list":["post-3854","page","type-page","status-publish","hentry"],"acf":[],"jetpack_likes_enabled":true,"jetpack_sharing_enabled":true,"_links":{"self":[{"href":"https:\/\/clickscertos.com.br\/loja_online\/wp-json\/wp\/v2\/pages\/3854","targetHints":{"allow":["GET"]}}],"collection":[{"href":"https:\/\/clickscertos.com.br\/loja_online\/wp-json\/wp\/v2\/pages"}],"about":[{"href":"https:\/\/clickscertos.com.br\/loja_online\/wp-json\/wp\/v2\/types\/page"}],"author":[{"embeddable":true,"href":"https:\/\/clickscertos.com.br\/loja_online\/wp-json\/wp\/v2\/users\/20"}],"replies":[{"embeddable":true,"href":"https:\/\/clickscertos.com.br\/loja_online\/wp-json\/wp\/v2\/comments?post=3854"}],"version-history":[{"count":4,"href":"https:\/\/clickscertos.com.br\/loja_online\/wp-json\/wp\/v2\/pages\/3854\/revisions"}],"predecessor-version":[{"id":5306,"href":"https:\/\/clickscertos.com.br\/loja_online\/wp-json\/wp\/v2\/pages\/3854\/revisions\/5306"}],"wp:attachment":[{"href":"https:\/\/clickscertos.com.br\/loja_online\/wp-json\/wp\/v2\/media?parent=3854"}],"curies":[{"name":"wp","href":"https:\/\/api.w.org\/{rel}","templated":true}]}}