{"id":3135,"date":"2016-02-16T11:41:47","date_gmt":"2016-02-16T11:41:47","guid":{"rendered":"https:\/\/electro.madrasthemes.com\/checkout\/"},"modified":"2025-05-21T14:05:30","modified_gmt":"2025-05-21T17:05:30","slug":"checkout-2","status":"publish","type":"page","link":"https:\/\/clickscertos.com.br\/loja_online\/checkout-2\/","title":{"rendered":"Checkout"},"content":{"rendered":"\t\t<div data-elementor-type=\"wp-page\" data-elementor-id=\"3135\" class=\"elementor elementor-3135\" data-elementor-post-type=\"page\">\n\t\t\t\t<div data-particle_enable=\"false\" data-particle-mobile-disabled=\"false\" class=\"elementor-element elementor-element-37d378e e-flex e-con-boxed e-con e-parent\" data-id=\"37d378e\" data-element_type=\"container\">\n\t\t\t\t\t<div class=\"e-con-inner\">\n\t\t\t\t<div class=\"elementor-element elementor-element-ec5afa0 elementor-widget elementor-widget-heading\" data-id=\"ec5afa0\" data-element_type=\"widget\" data-widget_type=\"heading.default\">\n\t\t\t\t<div class=\"elementor-widget-container\">\n\t\t\t\t\t<h2 class=\"elementor-heading-title elementor-size-default\">Checkout.<\/h2>\t\t\t\t<\/div>\n\t\t\t\t<\/div>\n\t\t\t\t\t<\/div>\n\t\t\t\t<\/div>\n\t\t<div data-particle_enable=\"false\" data-particle-mobile-disabled=\"false\" class=\"elementor-element elementor-element-da927fc e-flex e-con-boxed e-con e-parent\" data-id=\"da927fc\" data-element_type=\"container\">\n\t\t\t\t\t<div class=\"e-con-inner\">\n\t\t\t\t<div class=\"elementor-element elementor-element-a0442bf elementor-align-center elementor-widget elementor-widget-button\" data-id=\"a0442bf\" data-element_type=\"widget\" data-widget_type=\"button.default\">\n\t\t\t\t<div class=\"elementor-widget-container\">\n\t\t\t\t\t\t\t\t\t<div class=\"elementor-button-wrapper\">\n\t\t\t\t\t<a class=\"elementor-button elementor-button-link elementor-size-sm\" href=\"https:\/\/clickscertos.com.br\/loja_online\/minha-conta\/orders\/\" target=\"_blank\">\n\t\t\t\t\t\t<span class=\"elementor-button-content-wrapper\">\n\t\t\t\t\t\t\t\t\t<span class=\"elementor-button-text\">Clique aqui apos fazer o pagamento para acessar o seu produto.<\/span>\n\t\t\t\t\t<\/span>\n\t\t\t\t\t<\/a>\n\t\t\t\t<\/div>\n\t\t\t\t\t\t\t\t<\/div>\n\t\t\t\t<\/div>\n\t\t\t\t\t<\/div>\n\t\t\t\t<\/div>\n\t\t<div data-particle_enable=\"false\" data-particle-mobile-disabled=\"false\" class=\"elementor-element elementor-element-76a04f12 e-flex e-con-boxed e-con e-parent\" data-id=\"76a04f12\" data-element_type=\"container\">\n\t\t\t\t\t<div class=\"e-con-inner\">\n\t\t\t\t<div class=\"elementor-element elementor-element-c5464e6 elementor-widget elementor-widget-image\" data-id=\"c5464e6\" data-element_type=\"widget\" data-widget_type=\"image.default\">\n\t\t\t\t<div class=\"elementor-widget-container\">\n\t\t\t\t\t\t\t\t\t\t\t\t\t\t\t\t<a href=\"https:\/\/clickscertos.com.br\/loja_online\/categoria-produto\/produtos-digitais\/\" target=\"_blank\">\n\t\t\t\t\t\t\t<img fetchpriority=\"high\" decoding=\"async\" width=\"1000\" height=\"1000\" src=\"https:\/\/clickscertos.com.br\/loja_online\/wp-content\/uploads\/2025\/05\/x-001.webp\" class=\"attachment-large size-large wp-image-7453\" alt=\"\" srcset=\"https:\/\/clickscertos.com.br\/loja_online\/wp-content\/uploads\/2025\/05\/x-001.webp 1000w, https:\/\/clickscertos.com.br\/loja_online\/wp-content\/uploads\/2025\/05\/x-001-300x300.webp 300w, https:\/\/clickscertos.com.br\/loja_online\/wp-content\/uploads\/2025\/05\/x-001-150x150.webp 150w, https:\/\/clickscertos.com.br\/loja_online\/wp-content\/uploads\/2025\/05\/x-001-768x768.webp 768w, https:\/\/clickscertos.com.br\/loja_online\/wp-content\/uploads\/2025\/05\/x-001-12x12.webp 12w, https:\/\/clickscertos.com.br\/loja_online\/wp-content\/uploads\/2025\/05\/x-001-100x100.webp 100w, https:\/\/clickscertos.com.br\/loja_online\/wp-content\/uploads\/2025\/05\/x-001-200x200.webp 200w, https:\/\/clickscertos.com.br\/loja_online\/wp-content\/uploads\/2025\/05\/x-001-400x400.webp 400w, https:\/\/clickscertos.com.br\/loja_online\/wp-content\/uploads\/2025\/05\/x-001-500x500.webp 500w, https:\/\/clickscertos.com.br\/loja_online\/wp-content\/uploads\/2025\/05\/x-001-600x600.webp 600w\" sizes=\"(max-width: 1000px) 100vw, 1000px\" \/>\t\t\t\t\t\t\t\t<\/a>\n\t\t\t\t\t\t\t\t\t\t\t\t\t\t\t<\/div>\n\t\t\t\t<\/div>\n\t\t\t\t<div class=\"elementor-element elementor-element-b639e07 elementor-widget elementor-widget-heading\" data-id=\"b639e07\" data-element_type=\"widget\" data-widget_type=\"heading.default\">\n\t\t\t\t<div class=\"elementor-widget-container\">\n\t\t\t\t\t<h2 class=\"elementor-heading-title elementor-size-default\"><a href=\"https:\/\/clickscertos.com.br\/loja_online\/categoria-produto\/produtos-digitais\/\" target=\"_blank\">CLIQUE AQUI PARA VOLTAR PARA A LOJA<\/a><\/h2>\t\t\t\t<\/div>\n\t\t\t\t<\/div>\n\t\t\t\t<div class=\"elementor-element elementor-element-9ba7793 elementor-widget elementor-widget-html\" data-id=\"9ba7793\" data-element_type=\"widget\" data-widget_type=\"html.default\">\n\t\t\t\t<div class=\"elementor-widget-container\">\n\t\t\t\t\t<script>\r\n    \r\n    \/\/ Fun\u00e7\u00e3o para adicionar a m\u00e1scara de CPF\r\nfunction addCpfMask() {\r\n  jQuery('#billing_cpf').mask('999.999.999-99');\r\n}\r\n\r\n\/\/ A\u00e7\u00e3o para chamar a fun\u00e7\u00e3o quando o campo de checkout for exibido\r\njQuery(document).ready(function($) {\r\n  $('body').on('updated_checkout', function() {\r\n    addCpfMask();\r\n  });\r\n});\r\n\r\n    \r\n<\/script>\r\n\r\n<script src=\"https:\/\/code.jquery.com\/jquery-3.6.0.min.js\"><\/script>\r\n<script src=\"https:\/\/cdnjs.cloudflare.com\/ajax\/libs\/jquery.inputmask\/5.0.6\/jquery.inputmask.min.js\"><\/script>\r\n<script>\r\n  $(document).ready(function() {\r\n    $('#billing_phone').inputmask('(99) 99999-9999');\r\n  });\r\n<\/script>\t\t\t\t<\/div>\n\t\t\t\t<\/div>\n\t\t\t\t<div class=\"elementor-element elementor-element-5fb71d8c elementor-widget elementor-widget-shortcode\" data-id=\"5fb71d8c\" data-element_type=\"widget\" data-widget_type=\"shortcode.default\">\n\t\t\t\t<div class=\"elementor-widget-container\">\n\t\t\t\t\t\t\t<div class=\"elementor-shortcode\"><div class=\"woocommerce\"><div class=\"woocommerce-notices-wrapper\"><\/div><\/div><\/div>\n\t\t\t\t\t\t<\/div>\n\t\t\t\t<\/div>\n\t\t\t\t<div class=\"elementor-element elementor-element-fe89aa5 elementor-widget elementor-widget-image\" data-id=\"fe89aa5\" data-element_type=\"widget\" data-widget_type=\"image.default\">\n\t\t\t\t<div class=\"elementor-widget-container\">\n\t\t\t\t\t\t\t\t\t\t\t\t\t\t\t\t<a href=\"https:\/\/clickscertos.com.br\/loja_online\/categoria-produto\/produtos-digitais\/\" target=\"_blank\">\n\t\t\t\t\t\t\t<img fetchpriority=\"high\" decoding=\"async\" width=\"1000\" height=\"1000\" src=\"https:\/\/clickscertos.com.br\/loja_online\/wp-content\/uploads\/2025\/05\/x-001.webp\" class=\"attachment-large size-large wp-image-7453\" alt=\"\" srcset=\"https:\/\/clickscertos.com.br\/loja_online\/wp-content\/uploads\/2025\/05\/x-001.webp 1000w, https:\/\/clickscertos.com.br\/loja_online\/wp-content\/uploads\/2025\/05\/x-001-300x300.webp 300w, https:\/\/clickscertos.com.br\/loja_online\/wp-content\/uploads\/2025\/05\/x-001-150x150.webp 150w, https:\/\/clickscertos.com.br\/loja_online\/wp-content\/uploads\/2025\/05\/x-001-768x768.webp 768w, https:\/\/clickscertos.com.br\/loja_online\/wp-content\/uploads\/2025\/05\/x-001-12x12.webp 12w, https:\/\/clickscertos.com.br\/loja_online\/wp-content\/uploads\/2025\/05\/x-001-100x100.webp 100w, https:\/\/clickscertos.com.br\/loja_online\/wp-content\/uploads\/2025\/05\/x-001-200x200.webp 200w, https:\/\/clickscertos.com.br\/loja_online\/wp-content\/uploads\/2025\/05\/x-001-400x400.webp 400w, https:\/\/clickscertos.com.br\/loja_online\/wp-content\/uploads\/2025\/05\/x-001-500x500.webp 500w, https:\/\/clickscertos.com.br\/loja_online\/wp-content\/uploads\/2025\/05\/x-001-600x600.webp 600w\" sizes=\"(max-width: 1000px) 100vw, 1000px\" \/>\t\t\t\t\t\t\t\t<\/a>\n\t\t\t\t\t\t\t\t\t\t\t\t\t\t\t<\/div>\n\t\t\t\t<\/div>\n\t\t\t\t<div class=\"elementor-element elementor-element-ea39210 elementor-widget elementor-widget-heading\" data-id=\"ea39210\" data-element_type=\"widget\" data-widget_type=\"heading.default\">\n\t\t\t\t<div class=\"elementor-widget-container\">\n\t\t\t\t\t<h2 class=\"elementor-heading-title elementor-size-default\"><a href=\"https:\/\/clickscertos.com.br\/loja_online\/categoria-produto\/produtos-digitais\/\" target=\"_blank\">CLIQUE AQUI PARA VOLTAR PARA A LOJA<\/a><\/h2>\t\t\t\t<\/div>\n\t\t\t\t<\/div>\n\t\t\t\t\t<\/div>\n\t\t\t\t<\/div>\n\t\t<div data-particle_enable=\"false\" data-particle-mobile-disabled=\"false\" class=\"elementor-element elementor-element-e1d16fb e-flex e-con-boxed e-con e-parent\" data-id=\"e1d16fb\" data-element_type=\"container\">\n\t\t\t\t\t<div class=\"e-con-inner\">\n\t\t\t\t<div class=\"elementor-element elementor-element-b6ffb86 elementor-align-center elementor-widget elementor-widget-button\" data-id=\"b6ffb86\" data-element_type=\"widget\" data-widget_type=\"button.default\">\n\t\t\t\t<div class=\"elementor-widget-container\">\n\t\t\t\t\t\t\t\t\t<div class=\"elementor-button-wrapper\">\n\t\t\t\t\t<a class=\"elementor-button elementor-button-link elementor-size-sm\" href=\"https:\/\/clickscertos.com.br\/loja_online\/minha-conta\/orders\/\" target=\"_blank\">\n\t\t\t\t\t\t<span class=\"elementor-button-content-wrapper\">\n\t\t\t\t\t\t\t\t\t<span class=\"elementor-button-text\">Clique aqui apos fazer o pagamento para acessar o seu produto.<\/span>\n\t\t\t\t\t<\/span>\n\t\t\t\t\t<\/a>\n\t\t\t\t<\/div>\n\t\t\t\t\t\t\t\t<\/div>\n\t\t\t\t<\/div>\n\t\t\t\t\t<\/div>\n\t\t\t\t<\/div>\n\t\t\t\t<\/div>\n\t\t","protected":false},"excerpt":{"rendered":"<p>Checkout. Clique aqui apos fazer o pagamento para acessar o seu produto. CLIQUE AQUI PARA VOLTAR PARA A LOJA CLIQUE AQUI PARA VOLTAR PARA A LOJA Clique aqui apos fazer<\/p>\n","protected":false},"author":20,"featured_media":0,"parent":0,"menu_order":0,"comment_status":"closed","ping_status":"closed","template":"elementor_canvas","meta":{"_acf_changed":false,"_joinchat":[],"footnotes":""},"class_list":["post-3135","page","type-page","status-publish","hentry"],"acf":[],"jetpack_likes_enabled":true,"jetpack_sharing_enabled":true,"_links":{"self":[{"href":"https:\/\/clickscertos.com.br\/loja_online\/wp-json\/wp\/v2\/pages\/3135","targetHints":{"allow":["GET"]}}],"collection":[{"href":"https:\/\/clickscertos.com.br\/loja_online\/wp-json\/wp\/v2\/pages"}],"about":[{"href":"https:\/\/clickscertos.com.br\/loja_online\/wp-json\/wp\/v2\/types\/page"}],"author":[{"embeddable":true,"href":"https:\/\/clickscertos.com.br\/loja_online\/wp-json\/wp\/v2\/users\/20"}],"replies":[{"embeddable":true,"href":"https:\/\/clickscertos.com.br\/loja_online\/wp-json\/wp\/v2\/comments?post=3135"}],"version-history":[{"count":36,"href":"https:\/\/clickscertos.com.br\/loja_online\/wp-json\/wp\/v2\/pages\/3135\/revisions"}],"predecessor-version":[{"id":7457,"href":"https:\/\/clickscertos.com.br\/loja_online\/wp-json\/wp\/v2\/pages\/3135\/revisions\/7457"}],"wp:attachment":[{"href":"https:\/\/clickscertos.com.br\/loja_online\/wp-json\/wp\/v2\/media?parent=3135"}],"curies":[{"name":"wp","href":"https:\/\/api.w.org\/{rel}","templated":true}]}}